{"id":33520,"date":"2024-07-08T13:40:06","date_gmt":"2024-07-10T08:33:35","guid":{"rendered":"https:\/\/naturalpoland.com\/produkty\/uncategorized\/xiong-xian-fen-xiong-xian-kun\/"},"modified":"2024-07-10T10:33:35","modified_gmt":"2024-07-10T08:33:35","slug":"xiong-xian-fen-xiong-xian-kun","status":"publish","type":"product","link":"https:\/\/naturalpoland.com\/zh-hans\/produkty\/yiliao-chanyechanpin\/yingyangpin-tiancailiao\/xiong-xian-fen-xiong-xian-kun\/","title":{"rendered":"ThymoPro\u2122 \uff08\u80f8\u817a\u918c\uff09"},"content":{"rendered":"<h2>BioSNEDS\u2122 \u6280\u672f\u7684\u4f18\u52bf<\/h2>\n<ul>\n<li>ThymoPro\u2122 \u7684\u751f\u7269\u5229\u7528\u7387\u662f\u4f20\u7edf\u80f8\u817a\u918c\u7684 14 \u500d\uff0c\u8fd9\u610f\u5473\u7740 BioSNEDS\u2122 \u4e2d 4 \u6beb\u514b\u7684\u6d3b\u6027\u80f8\u817a\u918c\u4e0e 50 \u6beb\u514b\u7684\u4f20\u7edf\u80f8\u817a\u918c\u5177\u6709\u751f\u7269\u7b49\u6548\u6027\u3002<\/li>\n<li> \u6bcf\u516c\u65a4\u5242\u91cf\u66f4\u591a&#8211;\u6bcf\u516c\u65a4 25 000 \u4e2a\u5242\u91cf\uff0c\u800c\u4f20\u7edf\u80f8\u817a\u918c\u53ea\u6709 600 \u4e2a\u5242\u91cf\u3002<\/li>\n<li>\u6709\u7c89\u672b\u548c\u4e73\u5242\u4e24\u79cd\u5f62\u5f0f\uff0c\u5473\u9053\u4e2d\u6027\uff0c\u65e0\u5f02\u5473\u3002<\/li>\n<\/ul>\n<h2>\u5065\u5eb7\u76ca\u5904<\/h2>\n<ul>\n<li>\u589e\u5f3a\u4eba\u4f53\u514d\u75ab\u529f\u80fd\u3002<\/li>\n<li>\u5b83\u80fd\u6709\u6548\u51cf\u5c11\u4f53\u5185\u708e\u75c7\u3002<\/li>\n<li>\u652f\u6301\u5fc3\u8840\u7ba1\u5065\u5eb7<\/li>\n<li>\u4fdd\u62a4\u7ec6\u80de\u514d\u53d7\u6c27\u5316\u538b\u529b\u3002<\/li>\n<li>\u6709\u52a9\u4e8e\u6539\u5584\u76ae\u80a4\u5065\u5eb7\uff0c\u51cf\u5c11\u8001\u5316\u8ff9\u8c61\u3002<\/li>\n<li>\u652f\u6301\u5065\u5eb7\u7684\u65b0\u9648\u4ee3\u8c22\u548c\u8840\u7cd6\u63a7\u5236\u3002<\/li>\n<li>\u652f\u6301\u5927\u8111\u5065\u5eb7\u548c\u795e\u7ecf\u529f\u80fd\u3002<\/li>\n<li>\u6709\u52a9\u4e8e\u63a7\u5236\u4f53\u91cd<\/li>\n<li>\u6709\u52a9\u4e8e\u8fd0\u52a8\u540e\u7684\u6062\u590d<\/li>\n<\/ul>\n","protected":false},"excerpt":{"rendered":"<p><strong>ThymoPro\u2122 <\/strong>\u662f\u4e00\u79cd\u91c7\u7528 BioSNEDS\u2122 \u6280\u672f\u7684\u5148\u8fdb\u4ea7\u54c1\uff0c\u53ef\u663e\u8457\u63d0\u9ad8\u80f8\u817a\u918c\u7684\u751f\u7269\u5229\u7528\u7387\uff0c\u80f8\u817a\u918c\u662f\u4ece\u9ed1\u9ea6\u8349\uff08Nigella sativa\uff09\u79cd\u5b50\u4e2d\u63d0\u53d6\u7684\u4e00\u79cd\u5173\u952e\u6210\u5206\uff0c\u4ee5\u5176\u5e7f\u6cdb\u7684\u5065\u5eb7\u76ca\u5904\uff08\u5305\u62ec\u6297\u708e\u548c\u6297\u6c27\u5316\u7279\u6027\uff09\u800c\u95fb\u540d\u3002<\/p>\n","protected":false},"featured_media":33277,"template":"","meta":{"_acf_changed":false},"product_brand":[],"product_cat":[2071],"product_tag":[],"class_list":{"0":"post-33520","1":"product","2":"type-product","3":"status-publish","4":"has-post-thumbnail","6":"product_cat-yingyangpin-tiancailiao","7":"pa_technologia-biosneds-jishu","9":"first","10":"instock","11":"shipping-taxable","12":"product-type-simple"},"acf":[],"yoast_head":"<!-- This site is optimized with the Yoast SEO plugin v27.4 - https:\/\/yoast.com\/product\/yoast-seo-wordpress\/ -->\n<title>ThymoPro\u2122 \uff08\u80f8\u817a\u918c\uff09 - \u56fd\u9645\u8fdb\u53e3\u690d\u7269\u539f\u6599\u548c\u4f18\u8d28\u5316\u5986\u54c1\u539f\u6599-NATURAL POLAND<\/title>\n<meta name=\"description\" content=\"ThymoPro \u662f\u4e00\u79cd\u652f\u6301\u514d\u75ab\u7cfb\u7edf\u5065\u5eb7\u3001\u795e\u7ecf\u529f\u80fd\u3001\u6297\u708e\u4f5c\u7528\u548c\u8bb8\u591a\u5176\u4ed6\u65b9\u9762\u5065\u5eb7\u7684\u4ea7\u54c1\u3002\" \/>\n<meta name=\"robots\" content=\"index, follow, max-snippet:-1, max-image-preview:large, max-video-preview:-1\" \/>\n<link rel=\"canonical\" href=\"https:\/\/naturalpoland.com\/zh-hans\/produkty\/yiliao-chanyechanpin\/yingyangpin-tiancailiao\/xiong-xian-fen-xiong-xian-kun\/\" \/>\n<meta property=\"og:locale\" content=\"zh_CN\" \/>\n<meta property=\"og:type\" content=\"article\" \/>\n<meta property=\"og:title\" content=\"ThymoPro\u2122 \uff08\u80f8\u817a\u918c\uff09 - \u56fd\u9645\u8fdb\u53e3\u690d\u7269\u539f\u6599\u548c\u4f18\u8d28\u5316\u5986\u54c1\u539f\u6599-NATURAL POLAND\" \/>\n<meta property=\"og:description\" content=\"ThymoPro \u662f\u4e00\u79cd\u652f\u6301\u514d\u75ab\u7cfb\u7edf\u5065\u5eb7\u3001\u795e\u7ecf\u529f\u80fd\u3001\u6297\u708e\u4f5c\u7528\u548c\u8bb8\u591a\u5176\u4ed6\u65b9\u9762\u5065\u5eb7\u7684\u4ea7\u54c1\u3002\" \/>\n<meta property=\"og:url\" content=\"https:\/\/naturalpoland.com\/zh-hans\/produkty\/yiliao-chanyechanpin\/yingyangpin-tiancailiao\/xiong-xian-fen-xiong-xian-kun\/\" \/>\n<meta property=\"og:site_name\" content=\"\u56fd\u9645\u8fdb\u53e3\u690d\u7269\u539f\u6599\u548c\u4f18\u8d28\u5316\u5986\u54c1\u539f\u6599-NATURAL POLAND\" \/>\n<meta property=\"article:publisher\" content=\"https:\/\/www.facebook.com\/naturalpoland.b2b\" \/>\n<meta property=\"og:image\" content=\"https:\/\/naturalpoland.com\/wp-content\/uploads\/hymoquinone.webp\" \/>\n\t<meta property=\"og:image:width\" content=\"613\" \/>\n\t<meta property=\"og:image:height\" content=\"613\" \/>\n\t<meta property=\"og:image:type\" content=\"image\/webp\" \/>\n<script type=\"application\/ld+json\" class=\"yoast-schema-graph\">{\"@context\":\"https:\\\/\\\/schema.org\",\"@graph\":[{\"@type\":\"WebPage\",\"@id\":\"https:\\\/\\\/naturalpoland.com\\\/zh-hans\\\/produkty\\\/yiliao-chanyechanpin\\\/yingyangpin-tiancailiao\\\/xiong-xian-fen-xiong-xian-kun\\\/\",\"url\":\"https:\\\/\\\/naturalpoland.com\\\/zh-hans\\\/produkty\\\/yiliao-chanyechanpin\\\/yingyangpin-tiancailiao\\\/xiong-xian-fen-xiong-xian-kun\\\/\",\"name\":\"ThymoPro\u2122 \uff08\u80f8\u817a\u918c\uff09 - \u56fd\u9645\u8fdb\u53e3\u690d\u7269\u539f\u6599\u548c\u4f18\u8d28\u5316\u5986\u54c1\u539f\u6599-NATURAL POLAND\",\"isPartOf\":{\"@id\":\"https:\\\/\\\/naturalpoland.com\\\/zh-hans\\\/#website\"},\"primaryImageOfPage\":{\"@id\":\"https:\\\/\\\/naturalpoland.com\\\/zh-hans\\\/produkty\\\/yiliao-chanyechanpin\\\/yingyangpin-tiancailiao\\\/xiong-xian-fen-xiong-xian-kun\\\/#primaryimage\"},\"image\":{\"@id\":\"https:\\\/\\\/naturalpoland.com\\\/zh-hans\\\/produkty\\\/yiliao-chanyechanpin\\\/yingyangpin-tiancailiao\\\/xiong-xian-fen-xiong-xian-kun\\\/#primaryimage\"},\"thumbnailUrl\":\"https:\\\/\\\/naturalpoland.com\\\/wp-content\\\/uploads\\\/hymoquinone.webp\",\"datePublished\":\"2024-07-10T08:33:35+00:00\",\"description\":\"ThymoPro \u662f\u4e00\u79cd\u652f\u6301\u514d\u75ab\u7cfb\u7edf\u5065\u5eb7\u3001\u795e\u7ecf\u529f\u80fd\u3001\u6297\u708e\u4f5c\u7528\u548c\u8bb8\u591a\u5176\u4ed6\u65b9\u9762\u5065\u5eb7\u7684\u4ea7\u54c1\u3002\",\"breadcrumb\":{\"@id\":\"https:\\\/\\\/naturalpoland.com\\\/zh-hans\\\/produkty\\\/yiliao-chanyechanpin\\\/yingyangpin-tiancailiao\\\/xiong-xian-fen-xiong-xian-kun\\\/#breadcrumb\"},\"inLanguage\":\"zh-Hans\",\"potentialAction\":[{\"@type\":\"ReadAction\",\"target\":[\"https:\\\/\\\/naturalpoland.com\\\/zh-hans\\\/produkty\\\/yiliao-chanyechanpin\\\/yingyangpin-tiancailiao\\\/xiong-xian-fen-xiong-xian-kun\\\/\"]}]},{\"@type\":\"ImageObject\",\"inLanguage\":\"zh-Hans\",\"@id\":\"https:\\\/\\\/naturalpoland.com\\\/zh-hans\\\/produkty\\\/yiliao-chanyechanpin\\\/yingyangpin-tiancailiao\\\/xiong-xian-fen-xiong-xian-kun\\\/#primaryimage\",\"url\":\"https:\\\/\\\/naturalpoland.com\\\/wp-content\\\/uploads\\\/hymoquinone.webp\",\"contentUrl\":\"https:\\\/\\\/naturalpoland.com\\\/wp-content\\\/uploads\\\/hymoquinone.webp\",\"width\":613,\"height\":613,\"caption\":\"Tymochinon w postaci wolnoprzep\u0142ywowej emulsji w kolorze be\u017cowym do r\u00f3\u017cowego\"},{\"@type\":\"BreadcrumbList\",\"@id\":\"https:\\\/\\\/naturalpoland.com\\\/zh-hans\\\/produkty\\\/yiliao-chanyechanpin\\\/yingyangpin-tiancailiao\\\/xiong-xian-fen-xiong-xian-kun\\\/#breadcrumb\",\"itemListElement\":[{\"@type\":\"ListItem\",\"position\":1,\"name\":\"\u9996\u9875\",\"item\":\"https:\\\/\\\/naturalpoland.com\\\/zh-hans\\\/\"},{\"@type\":\"ListItem\",\"position\":2,\"name\":\"\u6210\u54c1\",\"item\":\"https:\\\/\\\/naturalpoland.com\\\/zh-hans\\\/%e4%ba%a7%e5%93%81\\\/\"},{\"@type\":\"ListItem\",\"position\":3,\"name\":\"ThymoPro\u2122 \uff08\u80f8\u817a\u918c\uff09\"}]},{\"@type\":\"WebSite\",\"@id\":\"https:\\\/\\\/naturalpoland.com\\\/zh-hans\\\/#website\",\"url\":\"https:\\\/\\\/naturalpoland.com\\\/zh-hans\\\/\",\"name\":\"\u56fd\u9645\u8fdb\u53e3\u690d\u7269\u539f\u6599\u548c\u4f18\u8d28\u5316\u5986\u54c1\u539f\u6599-NATURAL POLAND\",\"description\":\"\u6765\u81ea\u6ce2\u5170\u7684NATURAL POLAND\u4e3b\u8981\u4ece\u4e8b\u5168\u7403\u5316\u5986\u54c1\u539f\u6599\uff0c\u5236\u836f\u539f\u6599\uff0c\u98df\u7528\u7ea7\u5929\u7136\u690d\u7269\u6cb9\u7684\u8fdb\u53e3\u3001\u751f\u4ea7\u3001\u51fa\u53e3\u53ca\u5206\u9500\u3002\u4ea7\u54c1\u8d28\u91cf\u548c\u751f\u4ea7\u5de5\u827a\u7b26\u5408\u6b27\u6d32\u89c4\u8303\u548c\u6807\u51c6\u3002\",\"publisher\":{\"@id\":\"https:\\\/\\\/naturalpoland.com\\\/zh-hans\\\/#organization\"},\"potentialAction\":[{\"@type\":\"SearchAction\",\"target\":{\"@type\":\"EntryPoint\",\"urlTemplate\":\"https:\\\/\\\/naturalpoland.com\\\/zh-hans\\\/?s={search_term_string}\"},\"query-input\":{\"@type\":\"PropertyValueSpecification\",\"valueRequired\":true,\"valueName\":\"search_term_string\"}}],\"inLanguage\":\"zh-Hans\"},{\"@type\":\"Organization\",\"@id\":\"https:\\\/\\\/naturalpoland.com\\\/zh-hans\\\/#organization\",\"name\":\"Natural Poland\",\"url\":\"https:\\\/\\\/naturalpoland.com\\\/zh-hans\\\/\",\"logo\":{\"@type\":\"ImageObject\",\"inLanguage\":\"zh-Hans\",\"@id\":\"https:\\\/\\\/naturalpoland.com\\\/zh-hans\\\/#\\\/schema\\\/logo\\\/image\\\/\",\"url\":\"https:\\\/\\\/naturalpoland.com\\\/wp-content\\\/uploads\\\/2021\\\/05\\\/natural-poland-icon.png\",\"contentUrl\":\"https:\\\/\\\/naturalpoland.com\\\/wp-content\\\/uploads\\\/2021\\\/05\\\/natural-poland-icon.png\",\"width\":512,\"height\":512,\"caption\":\"Natural Poland\"},\"image\":{\"@id\":\"https:\\\/\\\/naturalpoland.com\\\/zh-hans\\\/#\\\/schema\\\/logo\\\/image\\\/\"},\"sameAs\":[\"https:\\\/\\\/www.facebook.com\\\/naturalpoland.b2b\",\"https:\\\/\\\/pl.linkedin.com\\\/company\\\/natural-poland\",\"https:\\\/\\\/www.youtube.com\\\/channel\\\/UCgeGGkvOMahZo-xu_MSEWxg\"]}]}<\/script>\n<!-- \/ Yoast SEO plugin. -->","yoast_head_json":{"title":"ThymoPro\u2122 \uff08\u80f8\u817a\u918c\uff09 - \u56fd\u9645\u8fdb\u53e3\u690d\u7269\u539f\u6599\u548c\u4f18\u8d28\u5316\u5986\u54c1\u539f\u6599-NATURAL POLAND","description":"ThymoPro \u662f\u4e00\u79cd\u652f\u6301\u514d\u75ab\u7cfb\u7edf\u5065\u5eb7\u3001\u795e\u7ecf\u529f\u80fd\u3001\u6297\u708e\u4f5c\u7528\u548c\u8bb8\u591a\u5176\u4ed6\u65b9\u9762\u5065\u5eb7\u7684\u4ea7\u54c1\u3002","robots":{"index":"index","follow":"follow","max-snippet":"max-snippet:-1","max-image-preview":"max-image-preview:large","max-video-preview":"max-video-preview:-1"},"canonical":"https:\/\/naturalpoland.com\/zh-hans\/produkty\/yiliao-chanyechanpin\/yingyangpin-tiancailiao\/xiong-xian-fen-xiong-xian-kun\/","og_locale":"zh_CN","og_type":"article","og_title":"ThymoPro\u2122 \uff08\u80f8\u817a\u918c\uff09 - \u56fd\u9645\u8fdb\u53e3\u690d\u7269\u539f\u6599\u548c\u4f18\u8d28\u5316\u5986\u54c1\u539f\u6599-NATURAL POLAND","og_description":"ThymoPro \u662f\u4e00\u79cd\u652f\u6301\u514d\u75ab\u7cfb\u7edf\u5065\u5eb7\u3001\u795e\u7ecf\u529f\u80fd\u3001\u6297\u708e\u4f5c\u7528\u548c\u8bb8\u591a\u5176\u4ed6\u65b9\u9762\u5065\u5eb7\u7684\u4ea7\u54c1\u3002","og_url":"https:\/\/naturalpoland.com\/zh-hans\/produkty\/yiliao-chanyechanpin\/yingyangpin-tiancailiao\/xiong-xian-fen-xiong-xian-kun\/","og_site_name":"\u56fd\u9645\u8fdb\u53e3\u690d\u7269\u539f\u6599\u548c\u4f18\u8d28\u5316\u5986\u54c1\u539f\u6599-NATURAL POLAND","article_publisher":"https:\/\/www.facebook.com\/naturalpoland.b2b","og_image":[{"width":613,"height":613,"url":"https:\/\/naturalpoland.com\/wp-content\/uploads\/hymoquinone.webp","type":"image\/webp"}],"schema":{"@context":"https:\/\/schema.org","@graph":[{"@type":"WebPage","@id":"https:\/\/naturalpoland.com\/zh-hans\/produkty\/yiliao-chanyechanpin\/yingyangpin-tiancailiao\/xiong-xian-fen-xiong-xian-kun\/","url":"https:\/\/naturalpoland.com\/zh-hans\/produkty\/yiliao-chanyechanpin\/yingyangpin-tiancailiao\/xiong-xian-fen-xiong-xian-kun\/","name":"ThymoPro\u2122 \uff08\u80f8\u817a\u918c\uff09 - \u56fd\u9645\u8fdb\u53e3\u690d\u7269\u539f\u6599\u548c\u4f18\u8d28\u5316\u5986\u54c1\u539f\u6599-NATURAL POLAND","isPartOf":{"@id":"https:\/\/naturalpoland.com\/zh-hans\/#website"},"primaryImageOfPage":{"@id":"https:\/\/naturalpoland.com\/zh-hans\/produkty\/yiliao-chanyechanpin\/yingyangpin-tiancailiao\/xiong-xian-fen-xiong-xian-kun\/#primaryimage"},"image":{"@id":"https:\/\/naturalpoland.com\/zh-hans\/produkty\/yiliao-chanyechanpin\/yingyangpin-tiancailiao\/xiong-xian-fen-xiong-xian-kun\/#primaryimage"},"thumbnailUrl":"https:\/\/naturalpoland.com\/wp-content\/uploads\/hymoquinone.webp","datePublished":"2024-07-10T08:33:35+00:00","description":"ThymoPro \u662f\u4e00\u79cd\u652f\u6301\u514d\u75ab\u7cfb\u7edf\u5065\u5eb7\u3001\u795e\u7ecf\u529f\u80fd\u3001\u6297\u708e\u4f5c\u7528\u548c\u8bb8\u591a\u5176\u4ed6\u65b9\u9762\u5065\u5eb7\u7684\u4ea7\u54c1\u3002","breadcrumb":{"@id":"https:\/\/naturalpoland.com\/zh-hans\/produkty\/yiliao-chanyechanpin\/yingyangpin-tiancailiao\/xiong-xian-fen-xiong-xian-kun\/#breadcrumb"},"inLanguage":"zh-Hans","potentialAction":[{"@type":"ReadAction","target":["https:\/\/naturalpoland.com\/zh-hans\/produkty\/yiliao-chanyechanpin\/yingyangpin-tiancailiao\/xiong-xian-fen-xiong-xian-kun\/"]}]},{"@type":"ImageObject","inLanguage":"zh-Hans","@id":"https:\/\/naturalpoland.com\/zh-hans\/produkty\/yiliao-chanyechanpin\/yingyangpin-tiancailiao\/xiong-xian-fen-xiong-xian-kun\/#primaryimage","url":"https:\/\/naturalpoland.com\/wp-content\/uploads\/hymoquinone.webp","contentUrl":"https:\/\/naturalpoland.com\/wp-content\/uploads\/hymoquinone.webp","width":613,"height":613,"caption":"Tymochinon w postaci wolnoprzep\u0142ywowej emulsji w kolorze be\u017cowym do r\u00f3\u017cowego"},{"@type":"BreadcrumbList","@id":"https:\/\/naturalpoland.com\/zh-hans\/produkty\/yiliao-chanyechanpin\/yingyangpin-tiancailiao\/xiong-xian-fen-xiong-xian-kun\/#breadcrumb","itemListElement":[{"@type":"ListItem","position":1,"name":"\u9996\u9875","item":"https:\/\/naturalpoland.com\/zh-hans\/"},{"@type":"ListItem","position":2,"name":"\u6210\u54c1","item":"https:\/\/naturalpoland.com\/zh-hans\/%e4%ba%a7%e5%93%81\/"},{"@type":"ListItem","position":3,"name":"ThymoPro\u2122 \uff08\u80f8\u817a\u918c\uff09"}]},{"@type":"WebSite","@id":"https:\/\/naturalpoland.com\/zh-hans\/#website","url":"https:\/\/naturalpoland.com\/zh-hans\/","name":"\u56fd\u9645\u8fdb\u53e3\u690d\u7269\u539f\u6599\u548c\u4f18\u8d28\u5316\u5986\u54c1\u539f\u6599-NATURAL POLAND","description":"\u6765\u81ea\u6ce2\u5170\u7684NATURAL POLAND\u4e3b\u8981\u4ece\u4e8b\u5168\u7403\u5316\u5986\u54c1\u539f\u6599\uff0c\u5236\u836f\u539f\u6599\uff0c\u98df\u7528\u7ea7\u5929\u7136\u690d\u7269\u6cb9\u7684\u8fdb\u53e3\u3001\u751f\u4ea7\u3001\u51fa\u53e3\u53ca\u5206\u9500\u3002\u4ea7\u54c1\u8d28\u91cf\u548c\u751f\u4ea7\u5de5\u827a\u7b26\u5408\u6b27\u6d32\u89c4\u8303\u548c\u6807\u51c6\u3002","publisher":{"@id":"https:\/\/naturalpoland.com\/zh-hans\/#organization"},"potentialAction":[{"@type":"SearchAction","target":{"@type":"EntryPoint","urlTemplate":"https:\/\/naturalpoland.com\/zh-hans\/?s={search_term_string}"},"query-input":{"@type":"PropertyValueSpecification","valueRequired":true,"valueName":"search_term_string"}}],"inLanguage":"zh-Hans"},{"@type":"Organization","@id":"https:\/\/naturalpoland.com\/zh-hans\/#organization","name":"Natural Poland","url":"https:\/\/naturalpoland.com\/zh-hans\/","logo":{"@type":"ImageObject","inLanguage":"zh-Hans","@id":"https:\/\/naturalpoland.com\/zh-hans\/#\/schema\/logo\/image\/","url":"https:\/\/naturalpoland.com\/wp-content\/uploads\/2021\/05\/natural-poland-icon.png","contentUrl":"https:\/\/naturalpoland.com\/wp-content\/uploads\/2021\/05\/natural-poland-icon.png","width":512,"height":512,"caption":"Natural Poland"},"image":{"@id":"https:\/\/naturalpoland.com\/zh-hans\/#\/schema\/logo\/image\/"},"sameAs":["https:\/\/www.facebook.com\/naturalpoland.b2b","https:\/\/pl.linkedin.com\/company\/natural-poland","https:\/\/www.youtube.com\/channel\/UCgeGGkvOMahZo-xu_MSEWxg"]}]}},"_links":{"self":[{"href":"https:\/\/naturalpoland.com\/zh-hans\/wp-json\/wp\/v2\/product\/33520","targetHints":{"allow":["GET"]}}],"collection":[{"href":"https:\/\/naturalpoland.com\/zh-hans\/wp-json\/wp\/v2\/product"}],"about":[{"href":"https:\/\/naturalpoland.com\/zh-hans\/wp-json\/wp\/v2\/types\/product"}],"wp:featuredmedia":[{"embeddable":true,"href":"https:\/\/naturalpoland.com\/zh-hans\/wp-json\/wp\/v2\/media\/33277"}],"wp:attachment":[{"href":"https:\/\/naturalpoland.com\/zh-hans\/wp-json\/wp\/v2\/media?parent=33520"}],"wp:term":[{"taxonomy":"product_brand","embeddable":true,"href":"https:\/\/naturalpoland.com\/zh-hans\/wp-json\/wp\/v2\/product_brand?post=33520"},{"taxonomy":"product_cat","embeddable":true,"href":"https:\/\/naturalpoland.com\/zh-hans\/wp-json\/wp\/v2\/product_cat?post=33520"},{"taxonomy":"product_tag","embeddable":true,"href":"https:\/\/naturalpoland.com\/zh-hans\/wp-json\/wp\/v2\/product_tag?post=33520"}],"curies":[{"name":"wp","href":"https:\/\/api.w.org\/{rel}","templated":true}]}}