{"id":33830,"date":"2024-07-16T15:35:12","date_gmt":"2024-07-17T09:45:25","guid":{"rendered":"https:\/\/naturalpoland.com\/produkty\/uncategorized\/long-dan-xie-gan-su\/"},"modified":"2024-07-17T11:45:25","modified_gmt":"2024-07-17T09:45:25","slug":"long-dan-xie-gan-su","status":"publish","type":"product","link":"https:\/\/naturalpoland.com\/zh-hans\/produkty\/huazhuangpin-chanyechanpin\/hydrosols-cn\/long-dan-xie-gan-su\/","title":{"rendered":"\u9ec4\u9f99\u80c6\u6c34\u5408\u7269"},"content":{"rendered":"<h2>\u5c5e\u6027<\/h2>\n<p>\u9f99\u80c6\u6c34\u9178\u7684\u4e3b\u8981\u529f\u6548\u4e4b\u4e00\u662f\u80fd\u591f\u7f29\u5c0f\u6bdb\u5b54\u3002 \u8fd9\u8ba9\u76ae\u80a4\u770b\u8d77\u6765\u66f4\u5149\u6ed1\u3001\u66f4\u5747\u5300\uff0c\u5bf9\u6bdb\u5b54\u6269\u5f20\u548c\u5bb9\u6613\u957f\u9ed1\u5934\u7684\u4eba\u5c24\u5176\u6709\u76ca\u3002<\/p>\n<p>\u4fdd\u6e7f\u5242\u80fd\u5b8c\u7f8e\u8c03\u7406\u808c\u80a4\uff0c\u5728\u6d01\u9762\u540e\u6062\u590d\u808c\u80a4\u7684\u5929\u7136\u9178\u78b1\u5ea6\u3002 \u5b83\u5177\u6709\u6e05\u6d01\u529f\u6548\uff0c\u6709\u52a9\u4e8e\u6e05\u9664\u76ae\u80a4\u8868\u9762\u7684\u6742\u8d28\u548c\u591a\u4f59\u76ae\u8102\u3002<\/p>\n<h2>\u7533\u8bf7\uff1a<\/h2>\n<ol>\n<li>\u62a4\u80a4\u54c1\uff1a\u9762\u90e8\u6ecb\u8865\u54c1\u3001\u8eab\u4f53\u55b7\u96fe<\/li>\n<li>\u6cb9\u6027\u3001\u6df7\u5408\u6027\u548c\u95ee\u9898\u6027\u76ae\u80a4\u9762\u971c\u548c\u4e73\u6db2\u7684\u6210\u5206<\/li>\n<li>\u6e05\u6d01\u548c\u6e05\u723d\u9762\u819c\u53ca\u9762\u819c\u5305<\/li>\n<\/ol>\n","protected":false},"excerpt":{"rendered":"<p><em>\u9f99\u80c6<\/em>\u6cfb\u809d\u7d20\u662f\u4ece\u9f99\u80c6\u6839\u7684\u84b8\u6c7d\u84b8\u998f\u4e2d\u63d0\u53d6\u7684\u3002 \u8be5\u4ea7\u54c1\u80fd\u6709\u6548\u6536\u7d27\u6bdb\u5b54\uff0c\u4ee4\u808c\u80a4\u6d01\u51c0\u6e05\u723d\u3002<\/p>\n<p>&nbsp;<\/p>\n","protected":false},"featured_media":33713,"template":"","meta":{"_acf_changed":false},"product_brand":[],"product_cat":[3547],"product_tag":[],"class_list":{"0":"post-33830","1":"product","2":"type-product","3":"status-publish","4":"has-post-thumbnail","6":"product_cat-hydrosols-cn","8":"first","9":"instock","10":"shipping-taxable","11":"product-type-simple"},"acf":[],"yoast_head":"<!-- This site is optimized with the Yoast SEO plugin v27.4 - https:\/\/yoast.com\/product\/yoast-seo-wordpress\/ -->\n<title>\u9ec4\u9f99\u80c6\u6c34\u5408\u7269 - \u56fd\u9645\u8fdb\u53e3\u690d\u7269\u539f\u6599\u548c\u4f18\u8d28\u5316\u5986\u54c1\u539f\u6599-NATURAL POLAND<\/title>\n<meta name=\"description\" content=\"\u9f99\u80c6\u6c34\u5408\u7269\u5177\u6709\u723d\u80a4\u3001\u63d0\u795e\u548c\u7d27\u81f4\u6bdb\u5b54\u7684\u529f\u6548\uff0c\u662f\u62a4\u80a4\u54c1\u4e2d\u4e0d\u53ef\u6216\u7f3a\u7684\u6210\u5206\u3002\" \/>\n<meta name=\"robots\" content=\"index, follow, max-snippet:-1, max-image-preview:large, max-video-preview:-1\" \/>\n<link rel=\"canonical\" href=\"https:\/\/naturalpoland.com\/zh-hans\/produkty\/huazhuangpin-chanyechanpin\/hydrosols-cn\/long-dan-xie-gan-su\/\" \/>\n<meta property=\"og:locale\" content=\"zh_CN\" \/>\n<meta property=\"og:type\" content=\"article\" \/>\n<meta property=\"og:title\" content=\"\u9ec4\u9f99\u80c6\u6c34\u5408\u7269 - \u56fd\u9645\u8fdb\u53e3\u690d\u7269\u539f\u6599\u548c\u4f18\u8d28\u5316\u5986\u54c1\u539f\u6599-NATURAL POLAND\" \/>\n<meta property=\"og:description\" content=\"\u9f99\u80c6\u6c34\u5408\u7269\u5177\u6709\u723d\u80a4\u3001\u63d0\u795e\u548c\u7d27\u81f4\u6bdb\u5b54\u7684\u529f\u6548\uff0c\u662f\u62a4\u80a4\u54c1\u4e2d\u4e0d\u53ef\u6216\u7f3a\u7684\u6210\u5206\u3002\" \/>\n<meta property=\"og:url\" content=\"https:\/\/naturalpoland.com\/zh-hans\/produkty\/huazhuangpin-chanyechanpin\/hydrosols-cn\/long-dan-xie-gan-su\/\" \/>\n<meta property=\"og:site_name\" content=\"\u56fd\u9645\u8fdb\u53e3\u690d\u7269\u539f\u6599\u548c\u4f18\u8d28\u5316\u5986\u54c1\u539f\u6599-NATURAL POLAND\" \/>\n<meta property=\"article:publisher\" content=\"https:\/\/www.facebook.com\/naturalpoland.b2b\" \/>\n<meta property=\"og:image\" content=\"https:\/\/naturalpoland.com\/wp-content\/uploads\/hydrolat-z-goryczki-zoltej.webp\" \/>\n\t<meta property=\"og:image:width\" content=\"608\" \/>\n\t<meta property=\"og:image:height\" content=\"608\" \/>\n\t<meta property=\"og:image:type\" content=\"image\/webp\" \/>\n<script type=\"application\/ld+json\" class=\"yoast-schema-graph\">{\"@context\":\"https:\\\/\\\/schema.org\",\"@graph\":[{\"@type\":\"WebPage\",\"@id\":\"https:\\\/\\\/naturalpoland.com\\\/zh-hans\\\/produkty\\\/huazhuangpin-chanyechanpin\\\/hydrosols-cn\\\/long-dan-xie-gan-su\\\/\",\"url\":\"https:\\\/\\\/naturalpoland.com\\\/zh-hans\\\/produkty\\\/huazhuangpin-chanyechanpin\\\/hydrosols-cn\\\/long-dan-xie-gan-su\\\/\",\"name\":\"\u9ec4\u9f99\u80c6\u6c34\u5408\u7269 - \u56fd\u9645\u8fdb\u53e3\u690d\u7269\u539f\u6599\u548c\u4f18\u8d28\u5316\u5986\u54c1\u539f\u6599-NATURAL POLAND\",\"isPartOf\":{\"@id\":\"https:\\\/\\\/naturalpoland.com\\\/zh-hans\\\/#website\"},\"primaryImageOfPage\":{\"@id\":\"https:\\\/\\\/naturalpoland.com\\\/zh-hans\\\/produkty\\\/huazhuangpin-chanyechanpin\\\/hydrosols-cn\\\/long-dan-xie-gan-su\\\/#primaryimage\"},\"image\":{\"@id\":\"https:\\\/\\\/naturalpoland.com\\\/zh-hans\\\/produkty\\\/huazhuangpin-chanyechanpin\\\/hydrosols-cn\\\/long-dan-xie-gan-su\\\/#primaryimage\"},\"thumbnailUrl\":\"https:\\\/\\\/naturalpoland.com\\\/wp-content\\\/uploads\\\/hydrolat-z-goryczki-zoltej.webp\",\"datePublished\":\"2024-07-17T09:45:25+00:00\",\"description\":\"\u9f99\u80c6\u6c34\u5408\u7269\u5177\u6709\u723d\u80a4\u3001\u63d0\u795e\u548c\u7d27\u81f4\u6bdb\u5b54\u7684\u529f\u6548\uff0c\u662f\u62a4\u80a4\u54c1\u4e2d\u4e0d\u53ef\u6216\u7f3a\u7684\u6210\u5206\u3002\",\"breadcrumb\":{\"@id\":\"https:\\\/\\\/naturalpoland.com\\\/zh-hans\\\/produkty\\\/huazhuangpin-chanyechanpin\\\/hydrosols-cn\\\/long-dan-xie-gan-su\\\/#breadcrumb\"},\"inLanguage\":\"zh-Hans\",\"potentialAction\":[{\"@type\":\"ReadAction\",\"target\":[\"https:\\\/\\\/naturalpoland.com\\\/zh-hans\\\/produkty\\\/huazhuangpin-chanyechanpin\\\/hydrosols-cn\\\/long-dan-xie-gan-su\\\/\"]}]},{\"@type\":\"ImageObject\",\"inLanguage\":\"zh-Hans\",\"@id\":\"https:\\\/\\\/naturalpoland.com\\\/zh-hans\\\/produkty\\\/huazhuangpin-chanyechanpin\\\/hydrosols-cn\\\/long-dan-xie-gan-su\\\/#primaryimage\",\"url\":\"https:\\\/\\\/naturalpoland.com\\\/wp-content\\\/uploads\\\/hydrolat-z-goryczki-zoltej.webp\",\"contentUrl\":\"https:\\\/\\\/naturalpoland.com\\\/wp-content\\\/uploads\\\/hydrolat-z-goryczki-zoltej.webp\",\"width\":608,\"height\":608,\"caption\":\"hydrolat z goryczki \u017c\u00f3\u0142tej\"},{\"@type\":\"BreadcrumbList\",\"@id\":\"https:\\\/\\\/naturalpoland.com\\\/zh-hans\\\/produkty\\\/huazhuangpin-chanyechanpin\\\/hydrosols-cn\\\/long-dan-xie-gan-su\\\/#breadcrumb\",\"itemListElement\":[{\"@type\":\"ListItem\",\"position\":1,\"name\":\"\u9996\u9875\",\"item\":\"https:\\\/\\\/naturalpoland.com\\\/zh-hans\\\/\"},{\"@type\":\"ListItem\",\"position\":2,\"name\":\"\u6210\u54c1\",\"item\":\"https:\\\/\\\/naturalpoland.com\\\/zh-hans\\\/%e4%ba%a7%e5%93%81\\\/\"},{\"@type\":\"ListItem\",\"position\":3,\"name\":\"\u9ec4\u9f99\u80c6\u6c34\u5408\u7269\"}]},{\"@type\":\"WebSite\",\"@id\":\"https:\\\/\\\/naturalpoland.com\\\/zh-hans\\\/#website\",\"url\":\"https:\\\/\\\/naturalpoland.com\\\/zh-hans\\\/\",\"name\":\"\u56fd\u9645\u8fdb\u53e3\u690d\u7269\u539f\u6599\u548c\u4f18\u8d28\u5316\u5986\u54c1\u539f\u6599-NATURAL POLAND\",\"description\":\"\u6765\u81ea\u6ce2\u5170\u7684NATURAL POLAND\u4e3b\u8981\u4ece\u4e8b\u5168\u7403\u5316\u5986\u54c1\u539f\u6599\uff0c\u5236\u836f\u539f\u6599\uff0c\u98df\u7528\u7ea7\u5929\u7136\u690d\u7269\u6cb9\u7684\u8fdb\u53e3\u3001\u751f\u4ea7\u3001\u51fa\u53e3\u53ca\u5206\u9500\u3002\u4ea7\u54c1\u8d28\u91cf\u548c\u751f\u4ea7\u5de5\u827a\u7b26\u5408\u6b27\u6d32\u89c4\u8303\u548c\u6807\u51c6\u3002\",\"publisher\":{\"@id\":\"https:\\\/\\\/naturalpoland.com\\\/zh-hans\\\/#organization\"},\"potentialAction\":[{\"@type\":\"SearchAction\",\"target\":{\"@type\":\"EntryPoint\",\"urlTemplate\":\"https:\\\/\\\/naturalpoland.com\\\/zh-hans\\\/?s={search_term_string}\"},\"query-input\":{\"@type\":\"PropertyValueSpecification\",\"valueRequired\":true,\"valueName\":\"search_term_string\"}}],\"inLanguage\":\"zh-Hans\"},{\"@type\":\"Organization\",\"@id\":\"https:\\\/\\\/naturalpoland.com\\\/zh-hans\\\/#organization\",\"name\":\"Natural Poland\",\"url\":\"https:\\\/\\\/naturalpoland.com\\\/zh-hans\\\/\",\"logo\":{\"@type\":\"ImageObject\",\"inLanguage\":\"zh-Hans\",\"@id\":\"https:\\\/\\\/naturalpoland.com\\\/zh-hans\\\/#\\\/schema\\\/logo\\\/image\\\/\",\"url\":\"https:\\\/\\\/naturalpoland.com\\\/wp-content\\\/uploads\\\/2021\\\/05\\\/natural-poland-icon.png\",\"contentUrl\":\"https:\\\/\\\/naturalpoland.com\\\/wp-content\\\/uploads\\\/2021\\\/05\\\/natural-poland-icon.png\",\"width\":512,\"height\":512,\"caption\":\"Natural Poland\"},\"image\":{\"@id\":\"https:\\\/\\\/naturalpoland.com\\\/zh-hans\\\/#\\\/schema\\\/logo\\\/image\\\/\"},\"sameAs\":[\"https:\\\/\\\/www.facebook.com\\\/naturalpoland.b2b\",\"https:\\\/\\\/pl.linkedin.com\\\/company\\\/natural-poland\",\"https:\\\/\\\/www.youtube.com\\\/channel\\\/UCgeGGkvOMahZo-xu_MSEWxg\"]}]}<\/script>\n<!-- \/ Yoast SEO plugin. -->","yoast_head_json":{"title":"\u9ec4\u9f99\u80c6\u6c34\u5408\u7269 - \u56fd\u9645\u8fdb\u53e3\u690d\u7269\u539f\u6599\u548c\u4f18\u8d28\u5316\u5986\u54c1\u539f\u6599-NATURAL POLAND","description":"\u9f99\u80c6\u6c34\u5408\u7269\u5177\u6709\u723d\u80a4\u3001\u63d0\u795e\u548c\u7d27\u81f4\u6bdb\u5b54\u7684\u529f\u6548\uff0c\u662f\u62a4\u80a4\u54c1\u4e2d\u4e0d\u53ef\u6216\u7f3a\u7684\u6210\u5206\u3002","robots":{"index":"index","follow":"follow","max-snippet":"max-snippet:-1","max-image-preview":"max-image-preview:large","max-video-preview":"max-video-preview:-1"},"canonical":"https:\/\/naturalpoland.com\/zh-hans\/produkty\/huazhuangpin-chanyechanpin\/hydrosols-cn\/long-dan-xie-gan-su\/","og_locale":"zh_CN","og_type":"article","og_title":"\u9ec4\u9f99\u80c6\u6c34\u5408\u7269 - \u56fd\u9645\u8fdb\u53e3\u690d\u7269\u539f\u6599\u548c\u4f18\u8d28\u5316\u5986\u54c1\u539f\u6599-NATURAL POLAND","og_description":"\u9f99\u80c6\u6c34\u5408\u7269\u5177\u6709\u723d\u80a4\u3001\u63d0\u795e\u548c\u7d27\u81f4\u6bdb\u5b54\u7684\u529f\u6548\uff0c\u662f\u62a4\u80a4\u54c1\u4e2d\u4e0d\u53ef\u6216\u7f3a\u7684\u6210\u5206\u3002","og_url":"https:\/\/naturalpoland.com\/zh-hans\/produkty\/huazhuangpin-chanyechanpin\/hydrosols-cn\/long-dan-xie-gan-su\/","og_site_name":"\u56fd\u9645\u8fdb\u53e3\u690d\u7269\u539f\u6599\u548c\u4f18\u8d28\u5316\u5986\u54c1\u539f\u6599-NATURAL POLAND","article_publisher":"https:\/\/www.facebook.com\/naturalpoland.b2b","og_image":[{"width":608,"height":608,"url":"https:\/\/naturalpoland.com\/wp-content\/uploads\/hydrolat-z-goryczki-zoltej.webp","type":"image\/webp"}],"schema":{"@context":"https:\/\/schema.org","@graph":[{"@type":"WebPage","@id":"https:\/\/naturalpoland.com\/zh-hans\/produkty\/huazhuangpin-chanyechanpin\/hydrosols-cn\/long-dan-xie-gan-su\/","url":"https:\/\/naturalpoland.com\/zh-hans\/produkty\/huazhuangpin-chanyechanpin\/hydrosols-cn\/long-dan-xie-gan-su\/","name":"\u9ec4\u9f99\u80c6\u6c34\u5408\u7269 - \u56fd\u9645\u8fdb\u53e3\u690d\u7269\u539f\u6599\u548c\u4f18\u8d28\u5316\u5986\u54c1\u539f\u6599-NATURAL POLAND","isPartOf":{"@id":"https:\/\/naturalpoland.com\/zh-hans\/#website"},"primaryImageOfPage":{"@id":"https:\/\/naturalpoland.com\/zh-hans\/produkty\/huazhuangpin-chanyechanpin\/hydrosols-cn\/long-dan-xie-gan-su\/#primaryimage"},"image":{"@id":"https:\/\/naturalpoland.com\/zh-hans\/produkty\/huazhuangpin-chanyechanpin\/hydrosols-cn\/long-dan-xie-gan-su\/#primaryimage"},"thumbnailUrl":"https:\/\/naturalpoland.com\/wp-content\/uploads\/hydrolat-z-goryczki-zoltej.webp","datePublished":"2024-07-17T09:45:25+00:00","description":"\u9f99\u80c6\u6c34\u5408\u7269\u5177\u6709\u723d\u80a4\u3001\u63d0\u795e\u548c\u7d27\u81f4\u6bdb\u5b54\u7684\u529f\u6548\uff0c\u662f\u62a4\u80a4\u54c1\u4e2d\u4e0d\u53ef\u6216\u7f3a\u7684\u6210\u5206\u3002","breadcrumb":{"@id":"https:\/\/naturalpoland.com\/zh-hans\/produkty\/huazhuangpin-chanyechanpin\/hydrosols-cn\/long-dan-xie-gan-su\/#breadcrumb"},"inLanguage":"zh-Hans","potentialAction":[{"@type":"ReadAction","target":["https:\/\/naturalpoland.com\/zh-hans\/produkty\/huazhuangpin-chanyechanpin\/hydrosols-cn\/long-dan-xie-gan-su\/"]}]},{"@type":"ImageObject","inLanguage":"zh-Hans","@id":"https:\/\/naturalpoland.com\/zh-hans\/produkty\/huazhuangpin-chanyechanpin\/hydrosols-cn\/long-dan-xie-gan-su\/#primaryimage","url":"https:\/\/naturalpoland.com\/wp-content\/uploads\/hydrolat-z-goryczki-zoltej.webp","contentUrl":"https:\/\/naturalpoland.com\/wp-content\/uploads\/hydrolat-z-goryczki-zoltej.webp","width":608,"height":608,"caption":"hydrolat z goryczki \u017c\u00f3\u0142tej"},{"@type":"BreadcrumbList","@id":"https:\/\/naturalpoland.com\/zh-hans\/produkty\/huazhuangpin-chanyechanpin\/hydrosols-cn\/long-dan-xie-gan-su\/#breadcrumb","itemListElement":[{"@type":"ListItem","position":1,"name":"\u9996\u9875","item":"https:\/\/naturalpoland.com\/zh-hans\/"},{"@type":"ListItem","position":2,"name":"\u6210\u54c1","item":"https:\/\/naturalpoland.com\/zh-hans\/%e4%ba%a7%e5%93%81\/"},{"@type":"ListItem","position":3,"name":"\u9ec4\u9f99\u80c6\u6c34\u5408\u7269"}]},{"@type":"WebSite","@id":"https:\/\/naturalpoland.com\/zh-hans\/#website","url":"https:\/\/naturalpoland.com\/zh-hans\/","name":"\u56fd\u9645\u8fdb\u53e3\u690d\u7269\u539f\u6599\u548c\u4f18\u8d28\u5316\u5986\u54c1\u539f\u6599-NATURAL POLAND","description":"\u6765\u81ea\u6ce2\u5170\u7684NATURAL POLAND\u4e3b\u8981\u4ece\u4e8b\u5168\u7403\u5316\u5986\u54c1\u539f\u6599\uff0c\u5236\u836f\u539f\u6599\uff0c\u98df\u7528\u7ea7\u5929\u7136\u690d\u7269\u6cb9\u7684\u8fdb\u53e3\u3001\u751f\u4ea7\u3001\u51fa\u53e3\u53ca\u5206\u9500\u3002\u4ea7\u54c1\u8d28\u91cf\u548c\u751f\u4ea7\u5de5\u827a\u7b26\u5408\u6b27\u6d32\u89c4\u8303\u548c\u6807\u51c6\u3002","publisher":{"@id":"https:\/\/naturalpoland.com\/zh-hans\/#organization"},"potentialAction":[{"@type":"SearchAction","target":{"@type":"EntryPoint","urlTemplate":"https:\/\/naturalpoland.com\/zh-hans\/?s={search_term_string}"},"query-input":{"@type":"PropertyValueSpecification","valueRequired":true,"valueName":"search_term_string"}}],"inLanguage":"zh-Hans"},{"@type":"Organization","@id":"https:\/\/naturalpoland.com\/zh-hans\/#organization","name":"Natural Poland","url":"https:\/\/naturalpoland.com\/zh-hans\/","logo":{"@type":"ImageObject","inLanguage":"zh-Hans","@id":"https:\/\/naturalpoland.com\/zh-hans\/#\/schema\/logo\/image\/","url":"https:\/\/naturalpoland.com\/wp-content\/uploads\/2021\/05\/natural-poland-icon.png","contentUrl":"https:\/\/naturalpoland.com\/wp-content\/uploads\/2021\/05\/natural-poland-icon.png","width":512,"height":512,"caption":"Natural Poland"},"image":{"@id":"https:\/\/naturalpoland.com\/zh-hans\/#\/schema\/logo\/image\/"},"sameAs":["https:\/\/www.facebook.com\/naturalpoland.b2b","https:\/\/pl.linkedin.com\/company\/natural-poland","https:\/\/www.youtube.com\/channel\/UCgeGGkvOMahZo-xu_MSEWxg"]}]}},"_links":{"self":[{"href":"https:\/\/naturalpoland.com\/zh-hans\/wp-json\/wp\/v2\/product\/33830","targetHints":{"allow":["GET"]}}],"collection":[{"href":"https:\/\/naturalpoland.com\/zh-hans\/wp-json\/wp\/v2\/product"}],"about":[{"href":"https:\/\/naturalpoland.com\/zh-hans\/wp-json\/wp\/v2\/types\/product"}],"wp:featuredmedia":[{"embeddable":true,"href":"https:\/\/naturalpoland.com\/zh-hans\/wp-json\/wp\/v2\/media\/33713"}],"wp:attachment":[{"href":"https:\/\/naturalpoland.com\/zh-hans\/wp-json\/wp\/v2\/media?parent=33830"}],"wp:term":[{"taxonomy":"product_brand","embeddable":true,"href":"https:\/\/naturalpoland.com\/zh-hans\/wp-json\/wp\/v2\/product_brand?post=33830"},{"taxonomy":"product_cat","embeddable":true,"href":"https:\/\/naturalpoland.com\/zh-hans\/wp-json\/wp\/v2\/product_cat?post=33830"},{"taxonomy":"product_tag","embeddable":true,"href":"https:\/\/naturalpoland.com\/zh-hans\/wp-json\/wp\/v2\/product_tag?post=33830"}],"curies":[{"name":"wp","href":"https:\/\/api.w.org\/{rel}","templated":true}]}}