{"id":36664,"date":"2024-10-11T13:25:48","date_gmt":"2024-10-16T12:40:48","guid":{"rendered":"https:\/\/naturalpoland.com\/produkty\/uncategorized\/ding-xiang-you\/"},"modified":"2024-10-16T14:40:48","modified_gmt":"2024-10-16T12:40:48","slug":"ding-xiang-you","status":"publish","type":"product","link":"https:\/\/naturalpoland.com\/zh-hans\/produkty\/huazhuangpin-chanyechanpin\/jing-you\/ding-xiang-you\/","title":{"rendered":"\u4e01\u9999\u6cb9"},"content":{"rendered":"<p>\u4e01\u9999\u7cbe\u6cb9\u542b\u6709\u5927\u91cf<strong>\u4e01\u9999\u915a<\/strong>\u548c<strong>beta-\u9999\u53f6\u9187<\/strong>\uff0c\u5177\u6709\u6297\u83cc\u3001\u6d88\u708e\u548c\u9ebb\u9189\u7684\u529f\u6548\u3002\u4e01\u9999\u7cbe\u6cb9\u53ef\u7528\u4e8e\u82b3\u9999\u7597\u6cd5\u3001\u76ae\u80a4\u62a4\u7406\u548c\u6cbb\u7597\u4ea7\u54c1\uff0c\u4e3b\u8981\u7528\u4e8e\u7f13\u89e3\u75bc\u75db\u3001\u6d88\u708e\u548c\u6cbb\u7597\u75e4\u75ae\u3002\u4e01\u9999\u6cb9\u8fd8\u53ef\u7528\u4e8e\u53e3\u8154\u536b\u751f\u914d\u65b9\uff0c\u5177\u6709\u6740\u83cc\u548c\u63d0\u795e\u7684\u529f\u6548\u3002\u4e01\u9999\u6cb9\u4ec5\u4f9b\u5916\u7528\uff0c\u4e0e\u76ae\u80a4\u76f4\u63a5\u63a5\u89e6\u65f6\u5e94\u8fdb\u884c\u9002\u5f53\u7a00\u91ca\u3002\u4e01\u9999\u6cb9\u53ef\u80fd\u4f1a\u523a\u6fc0\u76ae\u80a4\u548c\u773c\u775b\uff0c\u56e0\u6b64\u5efa\u8bae\u5728\u4f7f\u7528\u65f6\u907f\u514d\u76f4\u63a5\u63a5\u89e6\u5e76\u91c7\u53d6\u4e2a\u4eba\u9632\u62a4\u63aa\u65bd\u3002  <\/p>\n<p>&nbsp;<\/p>\n","protected":false},"excerpt":{"rendered":"<p><strong>\u4e01\u9999\u7cbe\u6cb9<\/strong>\u662f\u4ece<em>\u4e01\u9999\uff08Eugenia caryophyllus\uff09<\/em>\u690d\u7269\u7684\u53f6\u5b50\u4e2d\u63d0\u53d6\u51fa\u6765\u7684<em>\u3002<\/em>\u5b83\u5177\u6709\u5f3a\u70c8\u7684\u8f9b\u8fa3\u9999\u6c14\u3002<\/p>\n","protected":false},"featured_media":36464,"template":"","meta":[],"product_brand":[],"product_cat":[6261],"product_tag":[],"class_list":{"0":"post-36664","1":"product","2":"type-product","3":"status-publish","4":"has-post-thumbnail","6":"product_cat-jing-you","8":"first","9":"instock","10":"shipping-taxable","11":"product-type-simple"},"yoast_head":"<!-- This site is optimized with the Yoast SEO plugin v27.3 - https:\/\/yoast.com\/product\/yoast-seo-wordpress\/ -->\n<title>\u4e01\u9999\u6cb9 - \u56fd\u9645\u8fdb\u53e3\u690d\u7269\u539f\u6599\u548c\u4f18\u8d28\u5316\u5986\u54c1\u539f\u6599-NATURAL POLAND<\/title>\n<meta name=\"description\" content=\"\u4e01\u9999\u6cb9\u662f\u4ece\u4e01\u9999\u5c5e\u690d\u7269\u7684\u53f6\u5b50\u4e2d\u63d0\u53d6\u51fa\u6765\u7684\uff0c\u5177\u6709\u6d53\u90c1\u7684\u8f9b\u8fa3\u9999\u5473\u548c\u8f83\u9ad8\u7684\u4e01\u9999\u915a\u542b\u91cf\u3002\" \/>\n<meta name=\"robots\" content=\"index, follow, max-snippet:-1, max-image-preview:large, max-video-preview:-1\" \/>\n<link rel=\"canonical\" href=\"https:\/\/naturalpoland.com\/zh-hans\/produkty\/huazhuangpin-chanyechanpin\/jing-you\/ding-xiang-you\/\" \/>\n<meta property=\"og:locale\" content=\"zh_CN\" \/>\n<meta property=\"og:type\" content=\"article\" \/>\n<meta property=\"og:title\" content=\"\u4e01\u9999\u6cb9 - \u56fd\u9645\u8fdb\u53e3\u690d\u7269\u539f\u6599\u548c\u4f18\u8d28\u5316\u5986\u54c1\u539f\u6599-NATURAL POLAND\" \/>\n<meta property=\"og:description\" content=\"\u4e01\u9999\u6cb9\u662f\u4ece\u4e01\u9999\u5c5e\u690d\u7269\u7684\u53f6\u5b50\u4e2d\u63d0\u53d6\u51fa\u6765\u7684\uff0c\u5177\u6709\u6d53\u90c1\u7684\u8f9b\u8fa3\u9999\u5473\u548c\u8f83\u9ad8\u7684\u4e01\u9999\u915a\u542b\u91cf\u3002\" \/>\n<meta property=\"og:url\" content=\"https:\/\/naturalpoland.com\/zh-hans\/produkty\/huazhuangpin-chanyechanpin\/jing-you\/ding-xiang-you\/\" \/>\n<meta property=\"og:site_name\" content=\"\u56fd\u9645\u8fdb\u53e3\u690d\u7269\u539f\u6599\u548c\u4f18\u8d28\u5316\u5986\u54c1\u539f\u6599-NATURAL POLAND\" \/>\n<meta property=\"article:publisher\" content=\"https:\/\/www.facebook.com\/naturalpoland.b2b\" \/>\n<meta property=\"og:image\" content=\"https:\/\/naturalpoland.com\/wp-content\/uploads\/olejek-eteryczny-z-lisci-gozdzikow.webp\" \/>\n\t<meta property=\"og:image:width\" content=\"610\" \/>\n\t<meta property=\"og:image:height\" content=\"610\" \/>\n\t<meta property=\"og:image:type\" content=\"image\/webp\" \/>\n<script type=\"application\/ld+json\" class=\"yoast-schema-graph\">{\"@context\":\"https:\\\/\\\/schema.org\",\"@graph\":[{\"@type\":\"WebPage\",\"@id\":\"https:\\\/\\\/naturalpoland.com\\\/zh-hans\\\/produkty\\\/huazhuangpin-chanyechanpin\\\/jing-you\\\/ding-xiang-you\\\/\",\"url\":\"https:\\\/\\\/naturalpoland.com\\\/zh-hans\\\/produkty\\\/huazhuangpin-chanyechanpin\\\/jing-you\\\/ding-xiang-you\\\/\",\"name\":\"\u4e01\u9999\u6cb9 - \u56fd\u9645\u8fdb\u53e3\u690d\u7269\u539f\u6599\u548c\u4f18\u8d28\u5316\u5986\u54c1\u539f\u6599-NATURAL POLAND\",\"isPartOf\":{\"@id\":\"https:\\\/\\\/naturalpoland.com\\\/zh-hans\\\/#website\"},\"primaryImageOfPage\":{\"@id\":\"https:\\\/\\\/naturalpoland.com\\\/zh-hans\\\/produkty\\\/huazhuangpin-chanyechanpin\\\/jing-you\\\/ding-xiang-you\\\/#primaryimage\"},\"image\":{\"@id\":\"https:\\\/\\\/naturalpoland.com\\\/zh-hans\\\/produkty\\\/huazhuangpin-chanyechanpin\\\/jing-you\\\/ding-xiang-you\\\/#primaryimage\"},\"thumbnailUrl\":\"https:\\\/\\\/naturalpoland.com\\\/wp-content\\\/uploads\\\/olejek-eteryczny-z-lisci-gozdzikow.webp\",\"datePublished\":\"2024-10-16T12:40:48+00:00\",\"description\":\"\u4e01\u9999\u6cb9\u662f\u4ece\u4e01\u9999\u5c5e\u690d\u7269\u7684\u53f6\u5b50\u4e2d\u63d0\u53d6\u51fa\u6765\u7684\uff0c\u5177\u6709\u6d53\u90c1\u7684\u8f9b\u8fa3\u9999\u5473\u548c\u8f83\u9ad8\u7684\u4e01\u9999\u915a\u542b\u91cf\u3002\",\"breadcrumb\":{\"@id\":\"https:\\\/\\\/naturalpoland.com\\\/zh-hans\\\/produkty\\\/huazhuangpin-chanyechanpin\\\/jing-you\\\/ding-xiang-you\\\/#breadcrumb\"},\"inLanguage\":\"zh-Hans\",\"potentialAction\":[{\"@type\":\"ReadAction\",\"target\":[\"https:\\\/\\\/naturalpoland.com\\\/zh-hans\\\/produkty\\\/huazhuangpin-chanyechanpin\\\/jing-you\\\/ding-xiang-you\\\/\"]}]},{\"@type\":\"ImageObject\",\"inLanguage\":\"zh-Hans\",\"@id\":\"https:\\\/\\\/naturalpoland.com\\\/zh-hans\\\/produkty\\\/huazhuangpin-chanyechanpin\\\/jing-you\\\/ding-xiang-you\\\/#primaryimage\",\"url\":\"https:\\\/\\\/naturalpoland.com\\\/wp-content\\\/uploads\\\/olejek-eteryczny-z-lisci-gozdzikow.webp\",\"contentUrl\":\"https:\\\/\\\/naturalpoland.com\\\/wp-content\\\/uploads\\\/olejek-eteryczny-z-lisci-gozdzikow.webp\",\"width\":610,\"height\":610,\"caption\":\"olejek eteryczny z li\u015bci go\u017adzik\u00f3w\"},{\"@type\":\"BreadcrumbList\",\"@id\":\"https:\\\/\\\/naturalpoland.com\\\/zh-hans\\\/produkty\\\/huazhuangpin-chanyechanpin\\\/jing-you\\\/ding-xiang-you\\\/#breadcrumb\",\"itemListElement\":[{\"@type\":\"ListItem\",\"position\":1,\"name\":\"\u9996\u9875\",\"item\":\"https:\\\/\\\/naturalpoland.com\\\/zh-hans\\\/\"},{\"@type\":\"ListItem\",\"position\":2,\"name\":\"\u6210\u54c1\",\"item\":\"https:\\\/\\\/naturalpoland.com\\\/zh-hans\\\/%e4%ba%a7%e5%93%81\\\/\"},{\"@type\":\"ListItem\",\"position\":3,\"name\":\"\u4e01\u9999\u6cb9\"}]},{\"@type\":\"WebSite\",\"@id\":\"https:\\\/\\\/naturalpoland.com\\\/zh-hans\\\/#website\",\"url\":\"https:\\\/\\\/naturalpoland.com\\\/zh-hans\\\/\",\"name\":\"\u56fd\u9645\u8fdb\u53e3\u690d\u7269\u539f\u6599\u548c\u4f18\u8d28\u5316\u5986\u54c1\u539f\u6599-NATURAL POLAND\",\"description\":\"\u6765\u81ea\u6ce2\u5170\u7684NATURAL POLAND\u4e3b\u8981\u4ece\u4e8b\u5168\u7403\u5316\u5986\u54c1\u539f\u6599\uff0c\u5236\u836f\u539f\u6599\uff0c\u98df\u7528\u7ea7\u5929\u7136\u690d\u7269\u6cb9\u7684\u8fdb\u53e3\u3001\u751f\u4ea7\u3001\u51fa\u53e3\u53ca\u5206\u9500\u3002\u4ea7\u54c1\u8d28\u91cf\u548c\u751f\u4ea7\u5de5\u827a\u7b26\u5408\u6b27\u6d32\u89c4\u8303\u548c\u6807\u51c6\u3002\",\"publisher\":{\"@id\":\"https:\\\/\\\/naturalpoland.com\\\/zh-hans\\\/#organization\"},\"potentialAction\":[{\"@type\":\"SearchAction\",\"target\":{\"@type\":\"EntryPoint\",\"urlTemplate\":\"https:\\\/\\\/naturalpoland.com\\\/zh-hans\\\/?s={search_term_string}\"},\"query-input\":{\"@type\":\"PropertyValueSpecification\",\"valueRequired\":true,\"valueName\":\"search_term_string\"}}],\"inLanguage\":\"zh-Hans\"},{\"@type\":\"Organization\",\"@id\":\"https:\\\/\\\/naturalpoland.com\\\/zh-hans\\\/#organization\",\"name\":\"Natural Poland\",\"url\":\"https:\\\/\\\/naturalpoland.com\\\/zh-hans\\\/\",\"logo\":{\"@type\":\"ImageObject\",\"inLanguage\":\"zh-Hans\",\"@id\":\"https:\\\/\\\/naturalpoland.com\\\/zh-hans\\\/#\\\/schema\\\/logo\\\/image\\\/\",\"url\":\"https:\\\/\\\/naturalpoland.com\\\/wp-content\\\/uploads\\\/2021\\\/05\\\/natural-poland-icon.png\",\"contentUrl\":\"https:\\\/\\\/naturalpoland.com\\\/wp-content\\\/uploads\\\/2021\\\/05\\\/natural-poland-icon.png\",\"width\":512,\"height\":512,\"caption\":\"Natural Poland\"},\"image\":{\"@id\":\"https:\\\/\\\/naturalpoland.com\\\/zh-hans\\\/#\\\/schema\\\/logo\\\/image\\\/\"},\"sameAs\":[\"https:\\\/\\\/www.facebook.com\\\/naturalpoland.b2b\",\"https:\\\/\\\/pl.linkedin.com\\\/company\\\/natural-poland\",\"https:\\\/\\\/www.youtube.com\\\/channel\\\/UCgeGGkvOMahZo-xu_MSEWxg\"]}]}<\/script>\n<!-- \/ Yoast SEO plugin. -->","yoast_head_json":{"title":"\u4e01\u9999\u6cb9 - \u56fd\u9645\u8fdb\u53e3\u690d\u7269\u539f\u6599\u548c\u4f18\u8d28\u5316\u5986\u54c1\u539f\u6599-NATURAL POLAND","description":"\u4e01\u9999\u6cb9\u662f\u4ece\u4e01\u9999\u5c5e\u690d\u7269\u7684\u53f6\u5b50\u4e2d\u63d0\u53d6\u51fa\u6765\u7684\uff0c\u5177\u6709\u6d53\u90c1\u7684\u8f9b\u8fa3\u9999\u5473\u548c\u8f83\u9ad8\u7684\u4e01\u9999\u915a\u542b\u91cf\u3002","robots":{"index":"index","follow":"follow","max-snippet":"max-snippet:-1","max-image-preview":"max-image-preview:large","max-video-preview":"max-video-preview:-1"},"canonical":"https:\/\/naturalpoland.com\/zh-hans\/produkty\/huazhuangpin-chanyechanpin\/jing-you\/ding-xiang-you\/","og_locale":"zh_CN","og_type":"article","og_title":"\u4e01\u9999\u6cb9 - \u56fd\u9645\u8fdb\u53e3\u690d\u7269\u539f\u6599\u548c\u4f18\u8d28\u5316\u5986\u54c1\u539f\u6599-NATURAL POLAND","og_description":"\u4e01\u9999\u6cb9\u662f\u4ece\u4e01\u9999\u5c5e\u690d\u7269\u7684\u53f6\u5b50\u4e2d\u63d0\u53d6\u51fa\u6765\u7684\uff0c\u5177\u6709\u6d53\u90c1\u7684\u8f9b\u8fa3\u9999\u5473\u548c\u8f83\u9ad8\u7684\u4e01\u9999\u915a\u542b\u91cf\u3002","og_url":"https:\/\/naturalpoland.com\/zh-hans\/produkty\/huazhuangpin-chanyechanpin\/jing-you\/ding-xiang-you\/","og_site_name":"\u56fd\u9645\u8fdb\u53e3\u690d\u7269\u539f\u6599\u548c\u4f18\u8d28\u5316\u5986\u54c1\u539f\u6599-NATURAL POLAND","article_publisher":"https:\/\/www.facebook.com\/naturalpoland.b2b","og_image":[{"width":610,"height":610,"url":"https:\/\/naturalpoland.com\/wp-content\/uploads\/olejek-eteryczny-z-lisci-gozdzikow.webp","type":"image\/webp"}],"schema":{"@context":"https:\/\/schema.org","@graph":[{"@type":"WebPage","@id":"https:\/\/naturalpoland.com\/zh-hans\/produkty\/huazhuangpin-chanyechanpin\/jing-you\/ding-xiang-you\/","url":"https:\/\/naturalpoland.com\/zh-hans\/produkty\/huazhuangpin-chanyechanpin\/jing-you\/ding-xiang-you\/","name":"\u4e01\u9999\u6cb9 - \u56fd\u9645\u8fdb\u53e3\u690d\u7269\u539f\u6599\u548c\u4f18\u8d28\u5316\u5986\u54c1\u539f\u6599-NATURAL POLAND","isPartOf":{"@id":"https:\/\/naturalpoland.com\/zh-hans\/#website"},"primaryImageOfPage":{"@id":"https:\/\/naturalpoland.com\/zh-hans\/produkty\/huazhuangpin-chanyechanpin\/jing-you\/ding-xiang-you\/#primaryimage"},"image":{"@id":"https:\/\/naturalpoland.com\/zh-hans\/produkty\/huazhuangpin-chanyechanpin\/jing-you\/ding-xiang-you\/#primaryimage"},"thumbnailUrl":"https:\/\/naturalpoland.com\/wp-content\/uploads\/olejek-eteryczny-z-lisci-gozdzikow.webp","datePublished":"2024-10-16T12:40:48+00:00","description":"\u4e01\u9999\u6cb9\u662f\u4ece\u4e01\u9999\u5c5e\u690d\u7269\u7684\u53f6\u5b50\u4e2d\u63d0\u53d6\u51fa\u6765\u7684\uff0c\u5177\u6709\u6d53\u90c1\u7684\u8f9b\u8fa3\u9999\u5473\u548c\u8f83\u9ad8\u7684\u4e01\u9999\u915a\u542b\u91cf\u3002","breadcrumb":{"@id":"https:\/\/naturalpoland.com\/zh-hans\/produkty\/huazhuangpin-chanyechanpin\/jing-you\/ding-xiang-you\/#breadcrumb"},"inLanguage":"zh-Hans","potentialAction":[{"@type":"ReadAction","target":["https:\/\/naturalpoland.com\/zh-hans\/produkty\/huazhuangpin-chanyechanpin\/jing-you\/ding-xiang-you\/"]}]},{"@type":"ImageObject","inLanguage":"zh-Hans","@id":"https:\/\/naturalpoland.com\/zh-hans\/produkty\/huazhuangpin-chanyechanpin\/jing-you\/ding-xiang-you\/#primaryimage","url":"https:\/\/naturalpoland.com\/wp-content\/uploads\/olejek-eteryczny-z-lisci-gozdzikow.webp","contentUrl":"https:\/\/naturalpoland.com\/wp-content\/uploads\/olejek-eteryczny-z-lisci-gozdzikow.webp","width":610,"height":610,"caption":"olejek eteryczny z li\u015bci go\u017adzik\u00f3w"},{"@type":"BreadcrumbList","@id":"https:\/\/naturalpoland.com\/zh-hans\/produkty\/huazhuangpin-chanyechanpin\/jing-you\/ding-xiang-you\/#breadcrumb","itemListElement":[{"@type":"ListItem","position":1,"name":"\u9996\u9875","item":"https:\/\/naturalpoland.com\/zh-hans\/"},{"@type":"ListItem","position":2,"name":"\u6210\u54c1","item":"https:\/\/naturalpoland.com\/zh-hans\/%e4%ba%a7%e5%93%81\/"},{"@type":"ListItem","position":3,"name":"\u4e01\u9999\u6cb9"}]},{"@type":"WebSite","@id":"https:\/\/naturalpoland.com\/zh-hans\/#website","url":"https:\/\/naturalpoland.com\/zh-hans\/","name":"\u56fd\u9645\u8fdb\u53e3\u690d\u7269\u539f\u6599\u548c\u4f18\u8d28\u5316\u5986\u54c1\u539f\u6599-NATURAL POLAND","description":"\u6765\u81ea\u6ce2\u5170\u7684NATURAL POLAND\u4e3b\u8981\u4ece\u4e8b\u5168\u7403\u5316\u5986\u54c1\u539f\u6599\uff0c\u5236\u836f\u539f\u6599\uff0c\u98df\u7528\u7ea7\u5929\u7136\u690d\u7269\u6cb9\u7684\u8fdb\u53e3\u3001\u751f\u4ea7\u3001\u51fa\u53e3\u53ca\u5206\u9500\u3002\u4ea7\u54c1\u8d28\u91cf\u548c\u751f\u4ea7\u5de5\u827a\u7b26\u5408\u6b27\u6d32\u89c4\u8303\u548c\u6807\u51c6\u3002","publisher":{"@id":"https:\/\/naturalpoland.com\/zh-hans\/#organization"},"potentialAction":[{"@type":"SearchAction","target":{"@type":"EntryPoint","urlTemplate":"https:\/\/naturalpoland.com\/zh-hans\/?s={search_term_string}"},"query-input":{"@type":"PropertyValueSpecification","valueRequired":true,"valueName":"search_term_string"}}],"inLanguage":"zh-Hans"},{"@type":"Organization","@id":"https:\/\/naturalpoland.com\/zh-hans\/#organization","name":"Natural Poland","url":"https:\/\/naturalpoland.com\/zh-hans\/","logo":{"@type":"ImageObject","inLanguage":"zh-Hans","@id":"https:\/\/naturalpoland.com\/zh-hans\/#\/schema\/logo\/image\/","url":"https:\/\/naturalpoland.com\/wp-content\/uploads\/2021\/05\/natural-poland-icon.png","contentUrl":"https:\/\/naturalpoland.com\/wp-content\/uploads\/2021\/05\/natural-poland-icon.png","width":512,"height":512,"caption":"Natural Poland"},"image":{"@id":"https:\/\/naturalpoland.com\/zh-hans\/#\/schema\/logo\/image\/"},"sameAs":["https:\/\/www.facebook.com\/naturalpoland.b2b","https:\/\/pl.linkedin.com\/company\/natural-poland","https:\/\/www.youtube.com\/channel\/UCgeGGkvOMahZo-xu_MSEWxg"]}]}},"_links":{"self":[{"href":"https:\/\/naturalpoland.com\/zh-hans\/wp-json\/wp\/v2\/product\/36664","targetHints":{"allow":["GET"]}}],"collection":[{"href":"https:\/\/naturalpoland.com\/zh-hans\/wp-json\/wp\/v2\/product"}],"about":[{"href":"https:\/\/naturalpoland.com\/zh-hans\/wp-json\/wp\/v2\/types\/product"}],"wp:featuredmedia":[{"embeddable":true,"href":"https:\/\/naturalpoland.com\/zh-hans\/wp-json\/wp\/v2\/media\/36464"}],"wp:attachment":[{"href":"https:\/\/naturalpoland.com\/zh-hans\/wp-json\/wp\/v2\/media?parent=36664"}],"wp:term":[{"taxonomy":"product_brand","embeddable":true,"href":"https:\/\/naturalpoland.com\/zh-hans\/wp-json\/wp\/v2\/product_brand?post=36664"},{"taxonomy":"product_cat","embeddable":true,"href":"https:\/\/naturalpoland.com\/zh-hans\/wp-json\/wp\/v2\/product_cat?post=36664"},{"taxonomy":"product_tag","embeddable":true,"href":"https:\/\/naturalpoland.com\/zh-hans\/wp-json\/wp\/v2\/product_tag?post=36664"}],"curies":[{"name":"wp","href":"https:\/\/api.w.org\/{rel}","templated":true}]}}