{"id":36959,"date":"2024-10-21T14:02:07","date_gmt":"2024-10-21T12:02:07","guid":{"rendered":"https:\/\/naturalpoland.com\/produkty\/uncategorized\/mei-gui-da-ma-shi-ge-you\/"},"modified":"2024-10-21T14:48:24","modified_gmt":"2024-10-21T12:48:24","slug":"mei-gui-da-ma-shi-ge-you","status":"publish","type":"product","link":"https:\/\/naturalpoland.com\/zh-hans\/produkty\/huazhuangpin-chanyechanpin\/jing-you\/mei-gui-da-ma-shi-ge-you\/","title":{"rendered":"\u5927\u9a6c\u58eb\u9769\u73ab\u7470\u7cbe\u6cb9"},"content":{"rendered":"<h2>\u69a8\u6cb9<\/h2>\n<p>\u73ab\u7470\u7cbe\u6cb9\u53d6\u81ea\u624b\u5de5\u91c7\u6458\u7684\u5927\u9a6c\u58eb\u9769\u73ab\u7470\u82b1\u6735\uff0c\u5728\u82b1\u6735\u77ed\u6682\u7684\u76db\u5f00\u671f\u8fdb\u884c\u84b8\u998f\uff0c\u6b64\u65f6\u82b1\u6735\u7684\u9999\u6c14\u8fbe\u5230\u6700\u9ad8\u6d53\u5ea6\u3002\u7531\u4e8e\u751f\u4ea7\u8fc7\u7a0b\u6781\u5176\u590d\u6742\uff0c\u73ab\u7470\u7cbe\u6cb9\u662f\u6700\u6602\u8d35\u7684\u7cbe\u6cb9\u4e4b\u4e00&#8211;\u751f\u4ea7 1 \u516c\u65a4\u7cbe\u6cb9\u9700\u8981 5 \u5428\u82b1\u74e3\u3002 <\/p>\n<h2>\u5c5e\u6027<\/h2>\n<p><strong>\u5728\u82b3\u9999\u7597\u6cd5\u4e2d<\/strong>\uff0c\u73ab\u7470\u7cbe\u6cb9\u662f\u4e00\u79cd\u4f17\u6240\u5468\u77e5\u7684\u6539\u5584\u60c5\u7eea\u548c\u51cf\u8f7b\u538b\u529b\u7684\u826f\u836f\u3002\u5b83\u7ec6\u817b\u7684\u82b1\u9999\u5bf9\u795e\u7ecf\u7cfb\u7edf\u6709\u9547\u9759\u4f5c\u7528\uff0c\u80fd\u7f13\u89e3\u7d27\u5f20\uff0c\u5e2e\u52a9\u6d88\u9664\u6291\u90c1\u3001\u7126\u8651\u548c\u5931\u7720\u3002\u5b83\u8fd8\u662f\u4e00\u79cd\u50ac\u60c5\u5242\uff0c\u80fd\u4fc3\u8fdb\u6d6a\u6f2b\u6c14\u6c1b\uff0c\u52a0\u5f3a\u60c5\u611f\u7ebd\u5e26\u3002\u73ab\u7470\u7cbe\u6cb9\u7684\u4ef7\u503c\u5728\u4e8e\u5b83\u80fd\u591f\u5f71\u54cd\u8d1f\u8d23\u60c5\u7eea\u548c\u8bb0\u5fc6\u7684\u8fb9\u7f18\u7cfb\u7edf\u3002\u5b83\u7684\u9999\u5473\u6709\u52a9\u4e8e\u51cf\u8f7b\u538b\u529b\u3001\u7126\u8651\u548c\u60b2\u4f24\u60c5\u7eea\u3002<strong>\u5728\u5316\u5986\u54c1\u4e2d<\/strong>\uff0c\u5927\u9a6c\u58eb\u9769\u73ab\u7470\u7cbe\u6cb9\u662f\u62a4\u80a4\u7684\u4f73\u54c1\uff0c\u5c24\u5176\u9002\u5408\u6210\u719f\u3001\u654f\u611f\u548c\u5e72\u71e5\u7684\u76ae\u80a4\u3002\u5b83\u5177\u6709\u518d\u751f\u4f5c\u7528\uff0c\u80fd\u62b5\u5fa1\u76ae\u80a4\u8001\u5316\uff0c\u5f3a\u5316\u8840\u7ba1\uff0c\u6709\u52a9\u4e8e\u51cf\u8f7b\u7ea2\u80bf\u548c\u523a\u6fc0\u3002\u5b83\u6240\u542b\u7684\u5316\u5408\u7269\uff0c\u5982\u7ef4\u751f\u7d20 C \u548c\u8102\u80aa\u9178\uff0c\u6709\u52a9\u4e8e\u8868\u76ae\u518d\u751f\uff0c\u6de1\u5316\u8272\u6591\uff0c\u5747\u5300\u80a4\u8272\u3002\u5b83\u8fd8\u662f\u4e00\u79cd\u7406\u60f3\u7684\u5316\u5986\u54c1\u6210\u5206\uff0c\u53ef\u7528\u4e8e\u6cbb\u7597\u6613\u957f\u7c89\u523a\u7684\u95ee\u9898\u76ae\u80a4\u3002\u5b83\u7684\u4f5c\u7528\u6e29\u548c\u800c\u6709\u6548\uff0c\u53ef\u4ee5\u8212\u7f13\u708e\u75c7\uff0c\u51cf\u5c11\u76ae\u8102\u5206\u6ccc\uff0c\u4fc3\u8fdb\u4f24\u53e3\u6108\u5408\u3002\u5927\u9a6c\u58eb\u9769\u73ab\u7470\u7cbe\u6cb9\u662f\u5962\u534e\u62a4\u80a4\u548c\u62a4\u53d1\u5316\u5986\u54c1\u4e2d\u6700\u91cd\u8981\u7684\u6210\u5206\u4e4b\u4e00\u3002  <\/p>\n","protected":false},"excerpt":{"rendered":"<p><strong><em>\u5927\u9a6c\u58eb\u9769<\/em>\u73ab\u7470\u7cbe\u6cb9\uff08<em>Rosa damascena<\/em>\uff09<\/strong>\u662f\u4e16\u754c\u4e0a\u6700\u73cd\u8d35\u3001\u6700\u5962\u534e\u7684\u7cbe\u6cb9\u4e4b\u4e00\u3002\u5b83\u662f\u4ece\u5927\u9a6c\u58eb\u9769\u73ab\u7470\u7684\u82b1\u74e3\u4e2d\u63d0\u53d6\u51fa\u6765\u7684\uff0c\u4e3b\u8981\u751f\u957f\u5728\u4fdd\u52a0\u5229\u4e9a\u8457\u540d\u7684\u73ab\u7470\u8c37\uff0c\u7136\u540e\u8fdb\u884c\u84b8\u6c7d\u84b8\u998f\u3002 <\/p>\n","protected":false},"featured_media":36918,"template":"","meta":[],"product_brand":[],"product_cat":[6261],"product_tag":[],"class_list":{"0":"post-36959","1":"product","2":"type-product","3":"status-publish","4":"has-post-thumbnail","6":"product_cat-jing-you","7":"pa_metoda-pozyskiwania-2152","9":"first","10":"instock","11":"shipping-taxable","12":"product-type-simple"},"yoast_head":"<!-- This site is optimized with the Yoast SEO plugin v27.4 - https:\/\/yoast.com\/product\/yoast-seo-wordpress\/ -->\n<title>\u5927\u9a6c\u58eb\u9769\u73ab\u7470\u7cbe\u6cb9 - \u56fd\u9645\u8fdb\u53e3\u690d\u7269\u539f\u6599\u548c\u4f18\u8d28\u5316\u5986\u54c1\u539f\u6599-NATURAL POLAND<\/title>\n<meta name=\"description\" content=\"\u5927\u9a6c\u58eb\u9769\u73ab\u7470\u7cbe\u6cb9\uff08Rosa damascena\uff09\u56e0\u5176\u72ec\u7279\u7684\u9999\u5473\u800c\u6210\u4e3a\u82b3\u9999\u7597\u6cd5\u548c\u5316\u5986\u54c1\u754c\u7684\u5962\u4f88\u54c1\u3002\" \/>\n<meta name=\"robots\" content=\"index, follow, max-snippet:-1, max-image-preview:large, max-video-preview:-1\" \/>\n<link rel=\"canonical\" href=\"https:\/\/naturalpoland.com\/zh-hans\/produkty\/huazhuangpin-chanyechanpin\/jing-you\/mei-gui-da-ma-shi-ge-you\/\" \/>\n<meta property=\"og:locale\" content=\"zh_CN\" \/>\n<meta property=\"og:type\" content=\"article\" \/>\n<meta property=\"og:title\" content=\"\u5927\u9a6c\u58eb\u9769\u73ab\u7470\u7cbe\u6cb9 - \u56fd\u9645\u8fdb\u53e3\u690d\u7269\u539f\u6599\u548c\u4f18\u8d28\u5316\u5986\u54c1\u539f\u6599-NATURAL POLAND\" \/>\n<meta property=\"og:description\" content=\"\u5927\u9a6c\u58eb\u9769\u73ab\u7470\u7cbe\u6cb9\uff08Rosa damascena\uff09\u56e0\u5176\u72ec\u7279\u7684\u9999\u5473\u800c\u6210\u4e3a\u82b3\u9999\u7597\u6cd5\u548c\u5316\u5986\u54c1\u754c\u7684\u5962\u4f88\u54c1\u3002\" \/>\n<meta property=\"og:url\" content=\"https:\/\/naturalpoland.com\/zh-hans\/produkty\/huazhuangpin-chanyechanpin\/jing-you\/mei-gui-da-ma-shi-ge-you\/\" \/>\n<meta property=\"og:site_name\" content=\"\u56fd\u9645\u8fdb\u53e3\u690d\u7269\u539f\u6599\u548c\u4f18\u8d28\u5316\u5986\u54c1\u539f\u6599-NATURAL POLAND\" \/>\n<meta property=\"article:publisher\" content=\"https:\/\/www.facebook.com\/naturalpoland.b2b\" \/>\n<meta property=\"article:modified_time\" content=\"2024-10-21T12:48:24+00:00\" \/>\n<meta property=\"og:image\" content=\"https:\/\/naturalpoland.com\/wp-content\/uploads\/olejek-z-rozy-damascenskiej.webp\" \/>\n\t<meta property=\"og:image:width\" content=\"426\" \/>\n\t<meta property=\"og:image:height\" content=\"426\" \/>\n\t<meta property=\"og:image:type\" content=\"image\/webp\" \/>\n<script type=\"application\/ld+json\" class=\"yoast-schema-graph\">{\"@context\":\"https:\\\/\\\/schema.org\",\"@graph\":[{\"@type\":\"WebPage\",\"@id\":\"https:\\\/\\\/naturalpoland.com\\\/zh-hans\\\/produkty\\\/huazhuangpin-chanyechanpin\\\/jing-you\\\/mei-gui-da-ma-shi-ge-you\\\/\",\"url\":\"https:\\\/\\\/naturalpoland.com\\\/zh-hans\\\/produkty\\\/huazhuangpin-chanyechanpin\\\/jing-you\\\/mei-gui-da-ma-shi-ge-you\\\/\",\"name\":\"\u5927\u9a6c\u58eb\u9769\u73ab\u7470\u7cbe\u6cb9 - \u56fd\u9645\u8fdb\u53e3\u690d\u7269\u539f\u6599\u548c\u4f18\u8d28\u5316\u5986\u54c1\u539f\u6599-NATURAL POLAND\",\"isPartOf\":{\"@id\":\"https:\\\/\\\/naturalpoland.com\\\/zh-hans\\\/#website\"},\"primaryImageOfPage\":{\"@id\":\"https:\\\/\\\/naturalpoland.com\\\/zh-hans\\\/produkty\\\/huazhuangpin-chanyechanpin\\\/jing-you\\\/mei-gui-da-ma-shi-ge-you\\\/#primaryimage\"},\"image\":{\"@id\":\"https:\\\/\\\/naturalpoland.com\\\/zh-hans\\\/produkty\\\/huazhuangpin-chanyechanpin\\\/jing-you\\\/mei-gui-da-ma-shi-ge-you\\\/#primaryimage\"},\"thumbnailUrl\":\"https:\\\/\\\/naturalpoland.com\\\/wp-content\\\/uploads\\\/olejek-z-rozy-damascenskiej.webp\",\"datePublished\":\"2024-10-21T12:02:07+00:00\",\"dateModified\":\"2024-10-21T12:48:24+00:00\",\"description\":\"\u5927\u9a6c\u58eb\u9769\u73ab\u7470\u7cbe\u6cb9\uff08Rosa damascena\uff09\u56e0\u5176\u72ec\u7279\u7684\u9999\u5473\u800c\u6210\u4e3a\u82b3\u9999\u7597\u6cd5\u548c\u5316\u5986\u54c1\u754c\u7684\u5962\u4f88\u54c1\u3002\",\"breadcrumb\":{\"@id\":\"https:\\\/\\\/naturalpoland.com\\\/zh-hans\\\/produkty\\\/huazhuangpin-chanyechanpin\\\/jing-you\\\/mei-gui-da-ma-shi-ge-you\\\/#breadcrumb\"},\"inLanguage\":\"zh-Hans\",\"potentialAction\":[{\"@type\":\"ReadAction\",\"target\":[\"https:\\\/\\\/naturalpoland.com\\\/zh-hans\\\/produkty\\\/huazhuangpin-chanyechanpin\\\/jing-you\\\/mei-gui-da-ma-shi-ge-you\\\/\"]}]},{\"@type\":\"ImageObject\",\"inLanguage\":\"zh-Hans\",\"@id\":\"https:\\\/\\\/naturalpoland.com\\\/zh-hans\\\/produkty\\\/huazhuangpin-chanyechanpin\\\/jing-you\\\/mei-gui-da-ma-shi-ge-you\\\/#primaryimage\",\"url\":\"https:\\\/\\\/naturalpoland.com\\\/wp-content\\\/uploads\\\/olejek-z-rozy-damascenskiej.webp\",\"contentUrl\":\"https:\\\/\\\/naturalpoland.com\\\/wp-content\\\/uploads\\\/olejek-z-rozy-damascenskiej.webp\",\"width\":426,\"height\":426,\"caption\":\"Olejek eteryczny z r\u00f3\u017cy damasce\u0144skiej (Rosa damascena)\"},{\"@type\":\"BreadcrumbList\",\"@id\":\"https:\\\/\\\/naturalpoland.com\\\/zh-hans\\\/produkty\\\/huazhuangpin-chanyechanpin\\\/jing-you\\\/mei-gui-da-ma-shi-ge-you\\\/#breadcrumb\",\"itemListElement\":[{\"@type\":\"ListItem\",\"position\":1,\"name\":\"\u9996\u9875\",\"item\":\"https:\\\/\\\/naturalpoland.com\\\/zh-hans\\\/\"},{\"@type\":\"ListItem\",\"position\":2,\"name\":\"\u6210\u54c1\",\"item\":\"https:\\\/\\\/naturalpoland.com\\\/zh-hans\\\/%e4%ba%a7%e5%93%81\\\/\"},{\"@type\":\"ListItem\",\"position\":3,\"name\":\"\u5927\u9a6c\u58eb\u9769\u73ab\u7470\u7cbe\u6cb9\"}]},{\"@type\":\"WebSite\",\"@id\":\"https:\\\/\\\/naturalpoland.com\\\/zh-hans\\\/#website\",\"url\":\"https:\\\/\\\/naturalpoland.com\\\/zh-hans\\\/\",\"name\":\"\u56fd\u9645\u8fdb\u53e3\u690d\u7269\u539f\u6599\u548c\u4f18\u8d28\u5316\u5986\u54c1\u539f\u6599-NATURAL POLAND\",\"description\":\"\u6765\u81ea\u6ce2\u5170\u7684NATURAL POLAND\u4e3b\u8981\u4ece\u4e8b\u5168\u7403\u5316\u5986\u54c1\u539f\u6599\uff0c\u5236\u836f\u539f\u6599\uff0c\u98df\u7528\u7ea7\u5929\u7136\u690d\u7269\u6cb9\u7684\u8fdb\u53e3\u3001\u751f\u4ea7\u3001\u51fa\u53e3\u53ca\u5206\u9500\u3002\u4ea7\u54c1\u8d28\u91cf\u548c\u751f\u4ea7\u5de5\u827a\u7b26\u5408\u6b27\u6d32\u89c4\u8303\u548c\u6807\u51c6\u3002\",\"publisher\":{\"@id\":\"https:\\\/\\\/naturalpoland.com\\\/zh-hans\\\/#organization\"},\"potentialAction\":[{\"@type\":\"SearchAction\",\"target\":{\"@type\":\"EntryPoint\",\"urlTemplate\":\"https:\\\/\\\/naturalpoland.com\\\/zh-hans\\\/?s={search_term_string}\"},\"query-input\":{\"@type\":\"PropertyValueSpecification\",\"valueRequired\":true,\"valueName\":\"search_term_string\"}}],\"inLanguage\":\"zh-Hans\"},{\"@type\":\"Organization\",\"@id\":\"https:\\\/\\\/naturalpoland.com\\\/zh-hans\\\/#organization\",\"name\":\"Natural Poland\",\"url\":\"https:\\\/\\\/naturalpoland.com\\\/zh-hans\\\/\",\"logo\":{\"@type\":\"ImageObject\",\"inLanguage\":\"zh-Hans\",\"@id\":\"https:\\\/\\\/naturalpoland.com\\\/zh-hans\\\/#\\\/schema\\\/logo\\\/image\\\/\",\"url\":\"https:\\\/\\\/naturalpoland.com\\\/wp-content\\\/uploads\\\/2021\\\/05\\\/natural-poland-icon.png\",\"contentUrl\":\"https:\\\/\\\/naturalpoland.com\\\/wp-content\\\/uploads\\\/2021\\\/05\\\/natural-poland-icon.png\",\"width\":512,\"height\":512,\"caption\":\"Natural Poland\"},\"image\":{\"@id\":\"https:\\\/\\\/naturalpoland.com\\\/zh-hans\\\/#\\\/schema\\\/logo\\\/image\\\/\"},\"sameAs\":[\"https:\\\/\\\/www.facebook.com\\\/naturalpoland.b2b\",\"https:\\\/\\\/pl.linkedin.com\\\/company\\\/natural-poland\",\"https:\\\/\\\/www.youtube.com\\\/channel\\\/UCgeGGkvOMahZo-xu_MSEWxg\"]}]}<\/script>\n<!-- \/ Yoast SEO plugin. -->","yoast_head_json":{"title":"\u5927\u9a6c\u58eb\u9769\u73ab\u7470\u7cbe\u6cb9 - \u56fd\u9645\u8fdb\u53e3\u690d\u7269\u539f\u6599\u548c\u4f18\u8d28\u5316\u5986\u54c1\u539f\u6599-NATURAL POLAND","description":"\u5927\u9a6c\u58eb\u9769\u73ab\u7470\u7cbe\u6cb9\uff08Rosa damascena\uff09\u56e0\u5176\u72ec\u7279\u7684\u9999\u5473\u800c\u6210\u4e3a\u82b3\u9999\u7597\u6cd5\u548c\u5316\u5986\u54c1\u754c\u7684\u5962\u4f88\u54c1\u3002","robots":{"index":"index","follow":"follow","max-snippet":"max-snippet:-1","max-image-preview":"max-image-preview:large","max-video-preview":"max-video-preview:-1"},"canonical":"https:\/\/naturalpoland.com\/zh-hans\/produkty\/huazhuangpin-chanyechanpin\/jing-you\/mei-gui-da-ma-shi-ge-you\/","og_locale":"zh_CN","og_type":"article","og_title":"\u5927\u9a6c\u58eb\u9769\u73ab\u7470\u7cbe\u6cb9 - \u56fd\u9645\u8fdb\u53e3\u690d\u7269\u539f\u6599\u548c\u4f18\u8d28\u5316\u5986\u54c1\u539f\u6599-NATURAL POLAND","og_description":"\u5927\u9a6c\u58eb\u9769\u73ab\u7470\u7cbe\u6cb9\uff08Rosa damascena\uff09\u56e0\u5176\u72ec\u7279\u7684\u9999\u5473\u800c\u6210\u4e3a\u82b3\u9999\u7597\u6cd5\u548c\u5316\u5986\u54c1\u754c\u7684\u5962\u4f88\u54c1\u3002","og_url":"https:\/\/naturalpoland.com\/zh-hans\/produkty\/huazhuangpin-chanyechanpin\/jing-you\/mei-gui-da-ma-shi-ge-you\/","og_site_name":"\u56fd\u9645\u8fdb\u53e3\u690d\u7269\u539f\u6599\u548c\u4f18\u8d28\u5316\u5986\u54c1\u539f\u6599-NATURAL POLAND","article_publisher":"https:\/\/www.facebook.com\/naturalpoland.b2b","article_modified_time":"2024-10-21T12:48:24+00:00","og_image":[{"width":426,"height":426,"url":"https:\/\/naturalpoland.com\/wp-content\/uploads\/olejek-z-rozy-damascenskiej.webp","type":"image\/webp"}],"schema":{"@context":"https:\/\/schema.org","@graph":[{"@type":"WebPage","@id":"https:\/\/naturalpoland.com\/zh-hans\/produkty\/huazhuangpin-chanyechanpin\/jing-you\/mei-gui-da-ma-shi-ge-you\/","url":"https:\/\/naturalpoland.com\/zh-hans\/produkty\/huazhuangpin-chanyechanpin\/jing-you\/mei-gui-da-ma-shi-ge-you\/","name":"\u5927\u9a6c\u58eb\u9769\u73ab\u7470\u7cbe\u6cb9 - \u56fd\u9645\u8fdb\u53e3\u690d\u7269\u539f\u6599\u548c\u4f18\u8d28\u5316\u5986\u54c1\u539f\u6599-NATURAL POLAND","isPartOf":{"@id":"https:\/\/naturalpoland.com\/zh-hans\/#website"},"primaryImageOfPage":{"@id":"https:\/\/naturalpoland.com\/zh-hans\/produkty\/huazhuangpin-chanyechanpin\/jing-you\/mei-gui-da-ma-shi-ge-you\/#primaryimage"},"image":{"@id":"https:\/\/naturalpoland.com\/zh-hans\/produkty\/huazhuangpin-chanyechanpin\/jing-you\/mei-gui-da-ma-shi-ge-you\/#primaryimage"},"thumbnailUrl":"https:\/\/naturalpoland.com\/wp-content\/uploads\/olejek-z-rozy-damascenskiej.webp","datePublished":"2024-10-21T12:02:07+00:00","dateModified":"2024-10-21T12:48:24+00:00","description":"\u5927\u9a6c\u58eb\u9769\u73ab\u7470\u7cbe\u6cb9\uff08Rosa damascena\uff09\u56e0\u5176\u72ec\u7279\u7684\u9999\u5473\u800c\u6210\u4e3a\u82b3\u9999\u7597\u6cd5\u548c\u5316\u5986\u54c1\u754c\u7684\u5962\u4f88\u54c1\u3002","breadcrumb":{"@id":"https:\/\/naturalpoland.com\/zh-hans\/produkty\/huazhuangpin-chanyechanpin\/jing-you\/mei-gui-da-ma-shi-ge-you\/#breadcrumb"},"inLanguage":"zh-Hans","potentialAction":[{"@type":"ReadAction","target":["https:\/\/naturalpoland.com\/zh-hans\/produkty\/huazhuangpin-chanyechanpin\/jing-you\/mei-gui-da-ma-shi-ge-you\/"]}]},{"@type":"ImageObject","inLanguage":"zh-Hans","@id":"https:\/\/naturalpoland.com\/zh-hans\/produkty\/huazhuangpin-chanyechanpin\/jing-you\/mei-gui-da-ma-shi-ge-you\/#primaryimage","url":"https:\/\/naturalpoland.com\/wp-content\/uploads\/olejek-z-rozy-damascenskiej.webp","contentUrl":"https:\/\/naturalpoland.com\/wp-content\/uploads\/olejek-z-rozy-damascenskiej.webp","width":426,"height":426,"caption":"Olejek eteryczny z r\u00f3\u017cy damasce\u0144skiej (Rosa damascena)"},{"@type":"BreadcrumbList","@id":"https:\/\/naturalpoland.com\/zh-hans\/produkty\/huazhuangpin-chanyechanpin\/jing-you\/mei-gui-da-ma-shi-ge-you\/#breadcrumb","itemListElement":[{"@type":"ListItem","position":1,"name":"\u9996\u9875","item":"https:\/\/naturalpoland.com\/zh-hans\/"},{"@type":"ListItem","position":2,"name":"\u6210\u54c1","item":"https:\/\/naturalpoland.com\/zh-hans\/%e4%ba%a7%e5%93%81\/"},{"@type":"ListItem","position":3,"name":"\u5927\u9a6c\u58eb\u9769\u73ab\u7470\u7cbe\u6cb9"}]},{"@type":"WebSite","@id":"https:\/\/naturalpoland.com\/zh-hans\/#website","url":"https:\/\/naturalpoland.com\/zh-hans\/","name":"\u56fd\u9645\u8fdb\u53e3\u690d\u7269\u539f\u6599\u548c\u4f18\u8d28\u5316\u5986\u54c1\u539f\u6599-NATURAL POLAND","description":"\u6765\u81ea\u6ce2\u5170\u7684NATURAL POLAND\u4e3b\u8981\u4ece\u4e8b\u5168\u7403\u5316\u5986\u54c1\u539f\u6599\uff0c\u5236\u836f\u539f\u6599\uff0c\u98df\u7528\u7ea7\u5929\u7136\u690d\u7269\u6cb9\u7684\u8fdb\u53e3\u3001\u751f\u4ea7\u3001\u51fa\u53e3\u53ca\u5206\u9500\u3002\u4ea7\u54c1\u8d28\u91cf\u548c\u751f\u4ea7\u5de5\u827a\u7b26\u5408\u6b27\u6d32\u89c4\u8303\u548c\u6807\u51c6\u3002","publisher":{"@id":"https:\/\/naturalpoland.com\/zh-hans\/#organization"},"potentialAction":[{"@type":"SearchAction","target":{"@type":"EntryPoint","urlTemplate":"https:\/\/naturalpoland.com\/zh-hans\/?s={search_term_string}"},"query-input":{"@type":"PropertyValueSpecification","valueRequired":true,"valueName":"search_term_string"}}],"inLanguage":"zh-Hans"},{"@type":"Organization","@id":"https:\/\/naturalpoland.com\/zh-hans\/#organization","name":"Natural Poland","url":"https:\/\/naturalpoland.com\/zh-hans\/","logo":{"@type":"ImageObject","inLanguage":"zh-Hans","@id":"https:\/\/naturalpoland.com\/zh-hans\/#\/schema\/logo\/image\/","url":"https:\/\/naturalpoland.com\/wp-content\/uploads\/2021\/05\/natural-poland-icon.png","contentUrl":"https:\/\/naturalpoland.com\/wp-content\/uploads\/2021\/05\/natural-poland-icon.png","width":512,"height":512,"caption":"Natural Poland"},"image":{"@id":"https:\/\/naturalpoland.com\/zh-hans\/#\/schema\/logo\/image\/"},"sameAs":["https:\/\/www.facebook.com\/naturalpoland.b2b","https:\/\/pl.linkedin.com\/company\/natural-poland","https:\/\/www.youtube.com\/channel\/UCgeGGkvOMahZo-xu_MSEWxg"]}]}},"_links":{"self":[{"href":"https:\/\/naturalpoland.com\/zh-hans\/wp-json\/wp\/v2\/product\/36959","targetHints":{"allow":["GET"]}}],"collection":[{"href":"https:\/\/naturalpoland.com\/zh-hans\/wp-json\/wp\/v2\/product"}],"about":[{"href":"https:\/\/naturalpoland.com\/zh-hans\/wp-json\/wp\/v2\/types\/product"}],"wp:featuredmedia":[{"embeddable":true,"href":"https:\/\/naturalpoland.com\/zh-hans\/wp-json\/wp\/v2\/media\/36918"}],"wp:attachment":[{"href":"https:\/\/naturalpoland.com\/zh-hans\/wp-json\/wp\/v2\/media?parent=36959"}],"wp:term":[{"taxonomy":"product_brand","embeddable":true,"href":"https:\/\/naturalpoland.com\/zh-hans\/wp-json\/wp\/v2\/product_brand?post=36959"},{"taxonomy":"product_cat","embeddable":true,"href":"https:\/\/naturalpoland.com\/zh-hans\/wp-json\/wp\/v2\/product_cat?post=36959"},{"taxonomy":"product_tag","embeddable":true,"href":"https:\/\/naturalpoland.com\/zh-hans\/wp-json\/wp\/v2\/product_tag?post=36959"}],"curies":[{"name":"wp","href":"https:\/\/api.w.org\/{rel}","templated":true}]}}