{"id":39341,"date":"2025-02-07T11:58:25","date_gmt":"2025-02-07T10:58:25","guid":{"rendered":"https:\/\/naturalpoland.com\/produkty\/uncategorized\/%e5%a5%b6%e6%b2%b9%e5%b8%83%e4%b8%81%e7%9a%84%e5%91%b3%e9%81%93\/"},"modified":"2025-02-07T14:52:43","modified_gmt":"2025-02-07T13:52:43","slug":"%e5%a5%b6%e6%b2%b9%e5%b8%83%e4%b8%81%e7%9a%84%e5%91%b3%e9%81%93","status":"publish","type":"product","link":"https:\/\/naturalpoland.com\/zh-hans\/produkty\/shipin-chanyechanpin\/xiangliao\/tiandian-xiangliao\/%e5%a5%b6%e6%b2%b9%e5%b8%83%e4%b8%81%e7%9a%84%e5%91%b3%e9%81%93\/","title":{"rendered":"\u5976\u6cb9\u5e03\u4e01\u7684\u5473\u9053"},"content":{"rendered":"<p><strong style=\"color: #555555; font-size: 14.4px;\">\u5976\u6cb9\u5e03\u4e01\u9999\u7cbe\uff08\u7c89\u672b\u72b6\uff09<\/strong><span style=\"color: #555555; font-size: 14.4px;\">\u7528\u4e8e <\/span><strong style=\"color: #555555; font-size: 14.4px;\">\u5e72\u5236\u54c1<\/strong><span style=\"color: #555555; font-size: 14.4px;\">\u5982\u86cb\u7cd5\u7c89\u3001\u5e03\u4e01\u3001\u901f\u6eb6\u996e\u6599\u548c\u7c89\u72b6\u751c\u70b9\u3002\u5728\u4ea7\u54c1\u4e2d\u60a8\u53ef\u4ee5\u611f\u53d7\u5230   <\/span>\u5976\u6cb9\u9999\u8349<span style=\"color: #555555; font-size: 14.4px;\">\u3001\u7126\u7cd6<\/span>\u548c\u592a\u5983\u7cd6\u3002\u8fd9\u79cd\u6210\u5206\u4f7f\u4ea7\u54c1\u6563\u53d1\u51fa\u751c\u7f8e\u7684\u9999\u5473\u3002 <\/p>\n<p>\u5976\u6cb9\u5e03\u4e01\u53e3\u5473\u5e38\u7528\u4e8e\u4ee5\u4e0b\u4ea7\u54c1\u4e2d\uff1a<\/p>\n<ul>\n<li>\u51b0\u6dc7\u6dcb\u3001<\/li>\n<li>\u829d\u58eb\u86cb\u7cd5<\/li>\n<li>\u9762\u971c\u3001<\/li>\n<li>\u98ce\u5473\u5496\u5561<\/li>\n<li>\u751c\u70b9<\/li>\n<\/ul>\n","protected":false},"excerpt":{"rendered":"<p><strong>Cr\u00e8me br\u00fbl\u00e9e \u9999\u7cbe<\/strong>\u7c89\u7684\u6210\u5206\u6355\u6349\u5230\u4e86\u8fd9\u4e00\u7ecf\u5178\u6cd5\u5f0f\u751c\u70b9\u7684\u7cbe\u9ad3\u3002\u5176\u9999\u6c14\u7684\u7279\u70b9\u662f<strong>\u6df1\u6c89\u7684\u9999\u8349\u751c\u5473<\/strong>\uff0c\u5939\u6742\u7740<strong>\u7126\u7cd6<\/strong>\u548c\u592a\u5983\u7cd6\u7684\u5473\u9053\u3002\u5b83\u975e\u5e38\u9002\u5408\u642d\u914d\u5976\u5236\u54c1\u548c\u7cd6\u679c\u4ea7\u54c1\uff0c\u80fd\u7a81\u51fa\u5176\u5976\u6cb9\u7279\u6027\u3002  <\/p>\n","protected":false},"featured_media":39236,"template":"","meta":{"_acf_changed":false},"product_brand":[],"product_cat":[7576],"product_tag":[],"class_list":{"0":"post-39341","1":"product","2":"type-product","3":"status-publish","4":"has-post-thumbnail","6":"product_cat-tiandian-xiangliao","8":"first","9":"instock","10":"shipping-taxable","11":"product-type-simple"},"acf":[],"yoast_head":"<!-- This site is optimized with the Yoast SEO plugin v27.4 - https:\/\/yoast.com\/product\/yoast-seo-wordpress\/ -->\n<title>\u5976\u6cb9\u5e03\u4e01\u7684\u5473\u9053 - \u6279\u53d1\u5206\u9500\u5546<\/title>\n<meta name=\"description\" content=\"\u5976\u6cb9\u5e03\u4e01\u53e3\u5473\u662f\u751f\u4ea7\u5546\u7684\u7edd\u4f73\u9009\u62e9\uff0c\u53ef\u4e3a\u4ed6\u4eec\u7684\u98df\u8c31\u589e\u6dfb\u7cbe\u81f4\u7684\u751c\u5473\u548c\u7565\u5e26\u70e4\u7126\u7684\u7126\u7cd6\u4f59\u5473\u3002\" \/>\n<meta name=\"robots\" content=\"index, follow, max-snippet:-1, max-image-preview:large, max-video-preview:-1\" \/>\n<link rel=\"canonical\" href=\"https:\/\/naturalpoland.com\/zh-hans\/produkty\/shipin-chanyechanpin\/xiangliao\/tiandian-xiangliao\/%e5%a5%b6%e6%b2%b9%e5%b8%83%e4%b8%81%e7%9a%84%e5%91%b3%e9%81%93\/\" \/>\n<meta property=\"og:locale\" content=\"zh_CN\" \/>\n<meta property=\"og:type\" content=\"article\" \/>\n<meta property=\"og:title\" content=\"\u5976\u6cb9\u5e03\u4e01\u7684\u5473\u9053 - \u6279\u53d1\u5206\u9500\u5546\" \/>\n<meta property=\"og:description\" content=\"\u5976\u6cb9\u5e03\u4e01\u53e3\u5473\u662f\u751f\u4ea7\u5546\u7684\u7edd\u4f73\u9009\u62e9\uff0c\u53ef\u4e3a\u4ed6\u4eec\u7684\u98df\u8c31\u589e\u6dfb\u7cbe\u81f4\u7684\u751c\u5473\u548c\u7565\u5e26\u70e4\u7126\u7684\u7126\u7cd6\u4f59\u5473\u3002\" \/>\n<meta property=\"og:url\" content=\"https:\/\/naturalpoland.com\/zh-hans\/produkty\/shipin-chanyechanpin\/xiangliao\/tiandian-xiangliao\/%e5%a5%b6%e6%b2%b9%e5%b8%83%e4%b8%81%e7%9a%84%e5%91%b3%e9%81%93\/\" \/>\n<meta property=\"og:site_name\" content=\"\u56fd\u9645\u8fdb\u53e3\u690d\u7269\u539f\u6599\u548c\u4f18\u8d28\u5316\u5986\u54c1\u539f\u6599-NATURAL POLAND\" \/>\n<meta property=\"article:publisher\" content=\"https:\/\/www.facebook.com\/naturalpoland.b2b\" \/>\n<meta property=\"article:modified_time\" content=\"2025-02-07T13:52:43+00:00\" \/>\n<meta property=\"og:image\" content=\"https:\/\/naturalpoland.com\/wp-content\/uploads\/aromat-creme-brulee.webp\" \/>\n\t<meta property=\"og:image:width\" content=\"597\" \/>\n\t<meta property=\"og:image:height\" content=\"597\" \/>\n\t<meta property=\"og:image:type\" content=\"image\/webp\" \/>\n<script type=\"application\/ld+json\" class=\"yoast-schema-graph\">{\"@context\":\"https:\\\/\\\/schema.org\",\"@graph\":[{\"@type\":\"WebPage\",\"@id\":\"https:\\\/\\\/naturalpoland.com\\\/zh-hans\\\/produkty\\\/shipin-chanyechanpin\\\/xiangliao\\\/tiandian-xiangliao\\\/%e5%a5%b6%e6%b2%b9%e5%b8%83%e4%b8%81%e7%9a%84%e5%91%b3%e9%81%93\\\/\",\"url\":\"https:\\\/\\\/naturalpoland.com\\\/zh-hans\\\/produkty\\\/shipin-chanyechanpin\\\/xiangliao\\\/tiandian-xiangliao\\\/%e5%a5%b6%e6%b2%b9%e5%b8%83%e4%b8%81%e7%9a%84%e5%91%b3%e9%81%93\\\/\",\"name\":\"\u5976\u6cb9\u5e03\u4e01\u7684\u5473\u9053 - \u6279\u53d1\u5206\u9500\u5546\",\"isPartOf\":{\"@id\":\"https:\\\/\\\/naturalpoland.com\\\/zh-hans\\\/#website\"},\"primaryImageOfPage\":{\"@id\":\"https:\\\/\\\/naturalpoland.com\\\/zh-hans\\\/produkty\\\/shipin-chanyechanpin\\\/xiangliao\\\/tiandian-xiangliao\\\/%e5%a5%b6%e6%b2%b9%e5%b8%83%e4%b8%81%e7%9a%84%e5%91%b3%e9%81%93\\\/#primaryimage\"},\"image\":{\"@id\":\"https:\\\/\\\/naturalpoland.com\\\/zh-hans\\\/produkty\\\/shipin-chanyechanpin\\\/xiangliao\\\/tiandian-xiangliao\\\/%e5%a5%b6%e6%b2%b9%e5%b8%83%e4%b8%81%e7%9a%84%e5%91%b3%e9%81%93\\\/#primaryimage\"},\"thumbnailUrl\":\"https:\\\/\\\/naturalpoland.com\\\/wp-content\\\/uploads\\\/aromat-creme-brulee.webp\",\"datePublished\":\"2025-02-07T10:58:25+00:00\",\"dateModified\":\"2025-02-07T13:52:43+00:00\",\"description\":\"\u5976\u6cb9\u5e03\u4e01\u53e3\u5473\u662f\u751f\u4ea7\u5546\u7684\u7edd\u4f73\u9009\u62e9\uff0c\u53ef\u4e3a\u4ed6\u4eec\u7684\u98df\u8c31\u589e\u6dfb\u7cbe\u81f4\u7684\u751c\u5473\u548c\u7565\u5e26\u70e4\u7126\u7684\u7126\u7cd6\u4f59\u5473\u3002\",\"breadcrumb\":{\"@id\":\"https:\\\/\\\/naturalpoland.com\\\/zh-hans\\\/produkty\\\/shipin-chanyechanpin\\\/xiangliao\\\/tiandian-xiangliao\\\/%e5%a5%b6%e6%b2%b9%e5%b8%83%e4%b8%81%e7%9a%84%e5%91%b3%e9%81%93\\\/#breadcrumb\"},\"inLanguage\":\"zh-Hans\",\"potentialAction\":[{\"@type\":\"ReadAction\",\"target\":[\"https:\\\/\\\/naturalpoland.com\\\/zh-hans\\\/produkty\\\/shipin-chanyechanpin\\\/xiangliao\\\/tiandian-xiangliao\\\/%e5%a5%b6%e6%b2%b9%e5%b8%83%e4%b8%81%e7%9a%84%e5%91%b3%e9%81%93\\\/\"]}]},{\"@type\":\"ImageObject\",\"inLanguage\":\"zh-Hans\",\"@id\":\"https:\\\/\\\/naturalpoland.com\\\/zh-hans\\\/produkty\\\/shipin-chanyechanpin\\\/xiangliao\\\/tiandian-xiangliao\\\/%e5%a5%b6%e6%b2%b9%e5%b8%83%e4%b8%81%e7%9a%84%e5%91%b3%e9%81%93\\\/#primaryimage\",\"url\":\"https:\\\/\\\/naturalpoland.com\\\/wp-content\\\/uploads\\\/aromat-creme-brulee.webp\",\"contentUrl\":\"https:\\\/\\\/naturalpoland.com\\\/wp-content\\\/uploads\\\/aromat-creme-brulee.webp\",\"width\":597,\"height\":597,\"caption\":\"aromat creme brulee w proszku\"},{\"@type\":\"BreadcrumbList\",\"@id\":\"https:\\\/\\\/naturalpoland.com\\\/zh-hans\\\/produkty\\\/shipin-chanyechanpin\\\/xiangliao\\\/tiandian-xiangliao\\\/%e5%a5%b6%e6%b2%b9%e5%b8%83%e4%b8%81%e7%9a%84%e5%91%b3%e9%81%93\\\/#breadcrumb\",\"itemListElement\":[{\"@type\":\"ListItem\",\"position\":1,\"name\":\"\u9996\u9875\",\"item\":\"https:\\\/\\\/naturalpoland.com\\\/zh-hans\\\/\"},{\"@type\":\"ListItem\",\"position\":2,\"name\":\"\u6210\u54c1\",\"item\":\"https:\\\/\\\/naturalpoland.com\\\/zh-hans\\\/%e4%ba%a7%e5%93%81\\\/\"},{\"@type\":\"ListItem\",\"position\":3,\"name\":\"\u5976\u6cb9\u5e03\u4e01\u7684\u5473\u9053\"}]},{\"@type\":\"WebSite\",\"@id\":\"https:\\\/\\\/naturalpoland.com\\\/zh-hans\\\/#website\",\"url\":\"https:\\\/\\\/naturalpoland.com\\\/zh-hans\\\/\",\"name\":\"\u56fd\u9645\u8fdb\u53e3\u690d\u7269\u539f\u6599\u548c\u4f18\u8d28\u5316\u5986\u54c1\u539f\u6599-NATURAL POLAND\",\"description\":\"\u6765\u81ea\u6ce2\u5170\u7684NATURAL POLAND\u4e3b\u8981\u4ece\u4e8b\u5168\u7403\u5316\u5986\u54c1\u539f\u6599\uff0c\u5236\u836f\u539f\u6599\uff0c\u98df\u7528\u7ea7\u5929\u7136\u690d\u7269\u6cb9\u7684\u8fdb\u53e3\u3001\u751f\u4ea7\u3001\u51fa\u53e3\u53ca\u5206\u9500\u3002\u4ea7\u54c1\u8d28\u91cf\u548c\u751f\u4ea7\u5de5\u827a\u7b26\u5408\u6b27\u6d32\u89c4\u8303\u548c\u6807\u51c6\u3002\",\"publisher\":{\"@id\":\"https:\\\/\\\/naturalpoland.com\\\/zh-hans\\\/#organization\"},\"potentialAction\":[{\"@type\":\"SearchAction\",\"target\":{\"@type\":\"EntryPoint\",\"urlTemplate\":\"https:\\\/\\\/naturalpoland.com\\\/zh-hans\\\/?s={search_term_string}\"},\"query-input\":{\"@type\":\"PropertyValueSpecification\",\"valueRequired\":true,\"valueName\":\"search_term_string\"}}],\"inLanguage\":\"zh-Hans\"},{\"@type\":\"Organization\",\"@id\":\"https:\\\/\\\/naturalpoland.com\\\/zh-hans\\\/#organization\",\"name\":\"Natural Poland\",\"url\":\"https:\\\/\\\/naturalpoland.com\\\/zh-hans\\\/\",\"logo\":{\"@type\":\"ImageObject\",\"inLanguage\":\"zh-Hans\",\"@id\":\"https:\\\/\\\/naturalpoland.com\\\/zh-hans\\\/#\\\/schema\\\/logo\\\/image\\\/\",\"url\":\"https:\\\/\\\/naturalpoland.com\\\/wp-content\\\/uploads\\\/2021\\\/05\\\/natural-poland-icon.png\",\"contentUrl\":\"https:\\\/\\\/naturalpoland.com\\\/wp-content\\\/uploads\\\/2021\\\/05\\\/natural-poland-icon.png\",\"width\":512,\"height\":512,\"caption\":\"Natural Poland\"},\"image\":{\"@id\":\"https:\\\/\\\/naturalpoland.com\\\/zh-hans\\\/#\\\/schema\\\/logo\\\/image\\\/\"},\"sameAs\":[\"https:\\\/\\\/www.facebook.com\\\/naturalpoland.b2b\",\"https:\\\/\\\/pl.linkedin.com\\\/company\\\/natural-poland\",\"https:\\\/\\\/www.youtube.com\\\/channel\\\/UCgeGGkvOMahZo-xu_MSEWxg\"]}]}<\/script>\n<!-- \/ Yoast SEO plugin. -->","yoast_head_json":{"title":"\u5976\u6cb9\u5e03\u4e01\u7684\u5473\u9053 - \u6279\u53d1\u5206\u9500\u5546","description":"\u5976\u6cb9\u5e03\u4e01\u53e3\u5473\u662f\u751f\u4ea7\u5546\u7684\u7edd\u4f73\u9009\u62e9\uff0c\u53ef\u4e3a\u4ed6\u4eec\u7684\u98df\u8c31\u589e\u6dfb\u7cbe\u81f4\u7684\u751c\u5473\u548c\u7565\u5e26\u70e4\u7126\u7684\u7126\u7cd6\u4f59\u5473\u3002","robots":{"index":"index","follow":"follow","max-snippet":"max-snippet:-1","max-image-preview":"max-image-preview:large","max-video-preview":"max-video-preview:-1"},"canonical":"https:\/\/naturalpoland.com\/zh-hans\/produkty\/shipin-chanyechanpin\/xiangliao\/tiandian-xiangliao\/%e5%a5%b6%e6%b2%b9%e5%b8%83%e4%b8%81%e7%9a%84%e5%91%b3%e9%81%93\/","og_locale":"zh_CN","og_type":"article","og_title":"\u5976\u6cb9\u5e03\u4e01\u7684\u5473\u9053 - \u6279\u53d1\u5206\u9500\u5546","og_description":"\u5976\u6cb9\u5e03\u4e01\u53e3\u5473\u662f\u751f\u4ea7\u5546\u7684\u7edd\u4f73\u9009\u62e9\uff0c\u53ef\u4e3a\u4ed6\u4eec\u7684\u98df\u8c31\u589e\u6dfb\u7cbe\u81f4\u7684\u751c\u5473\u548c\u7565\u5e26\u70e4\u7126\u7684\u7126\u7cd6\u4f59\u5473\u3002","og_url":"https:\/\/naturalpoland.com\/zh-hans\/produkty\/shipin-chanyechanpin\/xiangliao\/tiandian-xiangliao\/%e5%a5%b6%e6%b2%b9%e5%b8%83%e4%b8%81%e7%9a%84%e5%91%b3%e9%81%93\/","og_site_name":"\u56fd\u9645\u8fdb\u53e3\u690d\u7269\u539f\u6599\u548c\u4f18\u8d28\u5316\u5986\u54c1\u539f\u6599-NATURAL POLAND","article_publisher":"https:\/\/www.facebook.com\/naturalpoland.b2b","article_modified_time":"2025-02-07T13:52:43+00:00","og_image":[{"width":597,"height":597,"url":"https:\/\/naturalpoland.com\/wp-content\/uploads\/aromat-creme-brulee.webp","type":"image\/webp"}],"schema":{"@context":"https:\/\/schema.org","@graph":[{"@type":"WebPage","@id":"https:\/\/naturalpoland.com\/zh-hans\/produkty\/shipin-chanyechanpin\/xiangliao\/tiandian-xiangliao\/%e5%a5%b6%e6%b2%b9%e5%b8%83%e4%b8%81%e7%9a%84%e5%91%b3%e9%81%93\/","url":"https:\/\/naturalpoland.com\/zh-hans\/produkty\/shipin-chanyechanpin\/xiangliao\/tiandian-xiangliao\/%e5%a5%b6%e6%b2%b9%e5%b8%83%e4%b8%81%e7%9a%84%e5%91%b3%e9%81%93\/","name":"\u5976\u6cb9\u5e03\u4e01\u7684\u5473\u9053 - \u6279\u53d1\u5206\u9500\u5546","isPartOf":{"@id":"https:\/\/naturalpoland.com\/zh-hans\/#website"},"primaryImageOfPage":{"@id":"https:\/\/naturalpoland.com\/zh-hans\/produkty\/shipin-chanyechanpin\/xiangliao\/tiandian-xiangliao\/%e5%a5%b6%e6%b2%b9%e5%b8%83%e4%b8%81%e7%9a%84%e5%91%b3%e9%81%93\/#primaryimage"},"image":{"@id":"https:\/\/naturalpoland.com\/zh-hans\/produkty\/shipin-chanyechanpin\/xiangliao\/tiandian-xiangliao\/%e5%a5%b6%e6%b2%b9%e5%b8%83%e4%b8%81%e7%9a%84%e5%91%b3%e9%81%93\/#primaryimage"},"thumbnailUrl":"https:\/\/naturalpoland.com\/wp-content\/uploads\/aromat-creme-brulee.webp","datePublished":"2025-02-07T10:58:25+00:00","dateModified":"2025-02-07T13:52:43+00:00","description":"\u5976\u6cb9\u5e03\u4e01\u53e3\u5473\u662f\u751f\u4ea7\u5546\u7684\u7edd\u4f73\u9009\u62e9\uff0c\u53ef\u4e3a\u4ed6\u4eec\u7684\u98df\u8c31\u589e\u6dfb\u7cbe\u81f4\u7684\u751c\u5473\u548c\u7565\u5e26\u70e4\u7126\u7684\u7126\u7cd6\u4f59\u5473\u3002","breadcrumb":{"@id":"https:\/\/naturalpoland.com\/zh-hans\/produkty\/shipin-chanyechanpin\/xiangliao\/tiandian-xiangliao\/%e5%a5%b6%e6%b2%b9%e5%b8%83%e4%b8%81%e7%9a%84%e5%91%b3%e9%81%93\/#breadcrumb"},"inLanguage":"zh-Hans","potentialAction":[{"@type":"ReadAction","target":["https:\/\/naturalpoland.com\/zh-hans\/produkty\/shipin-chanyechanpin\/xiangliao\/tiandian-xiangliao\/%e5%a5%b6%e6%b2%b9%e5%b8%83%e4%b8%81%e7%9a%84%e5%91%b3%e9%81%93\/"]}]},{"@type":"ImageObject","inLanguage":"zh-Hans","@id":"https:\/\/naturalpoland.com\/zh-hans\/produkty\/shipin-chanyechanpin\/xiangliao\/tiandian-xiangliao\/%e5%a5%b6%e6%b2%b9%e5%b8%83%e4%b8%81%e7%9a%84%e5%91%b3%e9%81%93\/#primaryimage","url":"https:\/\/naturalpoland.com\/wp-content\/uploads\/aromat-creme-brulee.webp","contentUrl":"https:\/\/naturalpoland.com\/wp-content\/uploads\/aromat-creme-brulee.webp","width":597,"height":597,"caption":"aromat creme brulee w proszku"},{"@type":"BreadcrumbList","@id":"https:\/\/naturalpoland.com\/zh-hans\/produkty\/shipin-chanyechanpin\/xiangliao\/tiandian-xiangliao\/%e5%a5%b6%e6%b2%b9%e5%b8%83%e4%b8%81%e7%9a%84%e5%91%b3%e9%81%93\/#breadcrumb","itemListElement":[{"@type":"ListItem","position":1,"name":"\u9996\u9875","item":"https:\/\/naturalpoland.com\/zh-hans\/"},{"@type":"ListItem","position":2,"name":"\u6210\u54c1","item":"https:\/\/naturalpoland.com\/zh-hans\/%e4%ba%a7%e5%93%81\/"},{"@type":"ListItem","position":3,"name":"\u5976\u6cb9\u5e03\u4e01\u7684\u5473\u9053"}]},{"@type":"WebSite","@id":"https:\/\/naturalpoland.com\/zh-hans\/#website","url":"https:\/\/naturalpoland.com\/zh-hans\/","name":"\u56fd\u9645\u8fdb\u53e3\u690d\u7269\u539f\u6599\u548c\u4f18\u8d28\u5316\u5986\u54c1\u539f\u6599-NATURAL POLAND","description":"\u6765\u81ea\u6ce2\u5170\u7684NATURAL POLAND\u4e3b\u8981\u4ece\u4e8b\u5168\u7403\u5316\u5986\u54c1\u539f\u6599\uff0c\u5236\u836f\u539f\u6599\uff0c\u98df\u7528\u7ea7\u5929\u7136\u690d\u7269\u6cb9\u7684\u8fdb\u53e3\u3001\u751f\u4ea7\u3001\u51fa\u53e3\u53ca\u5206\u9500\u3002\u4ea7\u54c1\u8d28\u91cf\u548c\u751f\u4ea7\u5de5\u827a\u7b26\u5408\u6b27\u6d32\u89c4\u8303\u548c\u6807\u51c6\u3002","publisher":{"@id":"https:\/\/naturalpoland.com\/zh-hans\/#organization"},"potentialAction":[{"@type":"SearchAction","target":{"@type":"EntryPoint","urlTemplate":"https:\/\/naturalpoland.com\/zh-hans\/?s={search_term_string}"},"query-input":{"@type":"PropertyValueSpecification","valueRequired":true,"valueName":"search_term_string"}}],"inLanguage":"zh-Hans"},{"@type":"Organization","@id":"https:\/\/naturalpoland.com\/zh-hans\/#organization","name":"Natural Poland","url":"https:\/\/naturalpoland.com\/zh-hans\/","logo":{"@type":"ImageObject","inLanguage":"zh-Hans","@id":"https:\/\/naturalpoland.com\/zh-hans\/#\/schema\/logo\/image\/","url":"https:\/\/naturalpoland.com\/wp-content\/uploads\/2021\/05\/natural-poland-icon.png","contentUrl":"https:\/\/naturalpoland.com\/wp-content\/uploads\/2021\/05\/natural-poland-icon.png","width":512,"height":512,"caption":"Natural Poland"},"image":{"@id":"https:\/\/naturalpoland.com\/zh-hans\/#\/schema\/logo\/image\/"},"sameAs":["https:\/\/www.facebook.com\/naturalpoland.b2b","https:\/\/pl.linkedin.com\/company\/natural-poland","https:\/\/www.youtube.com\/channel\/UCgeGGkvOMahZo-xu_MSEWxg"]}]}},"_links":{"self":[{"href":"https:\/\/naturalpoland.com\/zh-hans\/wp-json\/wp\/v2\/product\/39341","targetHints":{"allow":["GET"]}}],"collection":[{"href":"https:\/\/naturalpoland.com\/zh-hans\/wp-json\/wp\/v2\/product"}],"about":[{"href":"https:\/\/naturalpoland.com\/zh-hans\/wp-json\/wp\/v2\/types\/product"}],"wp:featuredmedia":[{"embeddable":true,"href":"https:\/\/naturalpoland.com\/zh-hans\/wp-json\/wp\/v2\/media\/39236"}],"wp:attachment":[{"href":"https:\/\/naturalpoland.com\/zh-hans\/wp-json\/wp\/v2\/media?parent=39341"}],"wp:term":[{"taxonomy":"product_brand","embeddable":true,"href":"https:\/\/naturalpoland.com\/zh-hans\/wp-json\/wp\/v2\/product_brand?post=39341"},{"taxonomy":"product_cat","embeddable":true,"href":"https:\/\/naturalpoland.com\/zh-hans\/wp-json\/wp\/v2\/product_cat?post=39341"},{"taxonomy":"product_tag","embeddable":true,"href":"https:\/\/naturalpoland.com\/zh-hans\/wp-json\/wp\/v2\/product_tag?post=39341"}],"curies":[{"name":"wp","href":"https:\/\/api.w.org\/{rel}","templated":true}]}}